{"id":99,"date":"2020-01-27T18:52:30","date_gmt":"2020-01-27T18:52:30","guid":{"rendered":"http:\/\/www4.rsti.net.lan\/?p=99"},"modified":"2021-03-07T00:34:50","modified_gmt":"2021-03-07T03:34:50","slug":"servidores-de-email","status":"publish","type":"page","link":"https:\/\/www.rsti.net.br\/?page_id=99","title":{"rendered":"Servidores de email"},"content":{"rendered":"\n<h2 class=\"wp-block-heading\">Servidores de email &#8211; SMPT &amp; IMAP<\/h2>\n\n\n\n<p class=\"wp-block-paragraph\">Solu\u00e7\u00f5es completas de servidores de email, todas rodando software de c\u00f3digo aberto e uso gratuito ( GPL ).<\/p>\n\n\n\n<ul class=\"wp-block-list\"><li>Servidores SMTP com Postfix<\/li><li>Servidores IMAP com Dovecot<\/li><li>Integrados com Antispam &#8211; Spamassassin<\/li><li>Integrados com antivirus &#8211; ClamAv<\/li><li>Integrados com autenticadores de origem de email por dom\u00ednio &#8211; OpenDKIM<\/li><li>Forecem integra\u00e7\u00e3o com Webmail &#8211; Roundcube<\/li><\/ul>\n\n\n\n<h3 class=\"wp-block-heading\">Confiabilidade e desempenho<\/h3>\n\n\n\n<p class=\"wp-block-paragraph\">Nossas configura\u00e7\u00f5es de Servidores para email, al\u00e9m de integradas \npossuem alto grau de desempenho e confiabilidade, proporcionando ao seu \ndepartamento de TI e aos seus clientes de rede uma gama completa de \nservi\u00e7os.<\/p>\n\n\n\n<h3 class=\"wp-block-heading\">Plug &amp; Play<\/h3>\n\n\n\n<p class=\"wp-block-paragraph\">Nossos servidores saem dos nossos escrit\u00f3rios completamente \nconfigurados e prontos para o uso &#8211; plug &amp; play. N\u00e3o \u00e9 preciso que \nvoce tenha que configurar mais nada depois de incorpor\u00e1-los \u00e0 sua rede. \nCaso seja necess\u00e1rio algum tipo de configura\u00e7\u00e3o personalizada, como \ncria\u00e7\u00e3o de caixas postais, ou excess\u00f5es \u00e0s regras de antispam, \nfornecemos uma interface amig\u00e1vel para isso.<\/p>\n\n\n\n<h3 class=\"wp-block-heading\">Linux Ubuntu Server 20.01<\/h3>\n\n\n\n<p class=\"wp-block-paragraph\">Para nossas solu\u00e7\u00f5es de e-mail usamos a vers\u00e3o mais atual do Ubuntu  Linux Server Edition 20.01 LTS, de c\u00f3digo aberto, atualiz\u00e1vel at\u00e9 2028.<\/p>\n\n\n\n<h3 class=\"wp-block-heading\">Servidores DNS<\/h3>\n\n\n\n<p class=\"wp-block-paragraph\">Todos os servi\u00e7os de e-mail sob protocolo SMTP precisam de um  servidor DNS (Domain Name System) que os referencie, afim de assegurar a  legitimidade e autenticidade do emissor e receptor das mensagens. Caso  voc\u00ea ainda n\u00e3o possua um, poderemos executar esta integra\u00e7\u00e3o.<\/p>\n\n\n\n<p class=\"wp-block-paragraph\">Entre em contato conosco para podermos agendar uma visita e mostrar a gama de benef\u00edcios dispon\u00edveis.<\/p>\n\n\n\n<figure class=\"wp-block-image size-large\"><img loading=\"lazy\" decoding=\"async\" width=\"728\" height=\"90\" src=\"http:\/\/www.rsti.net.br\/wp-content\/uploads\/2020\/01\/mail_servers_logo-1.png\" alt=\"\" class=\"wp-image-100\" srcset=\"https:\/\/www.rsti.net.br\/wp-content\/uploads\/2020\/01\/mail_servers_logo-1.png 728w, https:\/\/www.rsti.net.br\/wp-content\/uploads\/2020\/01\/mail_servers_logo-1-300x37.png 300w\" sizes=\"auto, (max-width: 728px) 100vw, 728px\" \/><\/figure>\n\n\n\n<p class=\"wp-block-paragraph\"><\/p>\n","protected":false},"excerpt":{"rendered":"<p>Solu\u00e7\u00f5es completas de servidores de email, todas rodando software de c\u00f3digo aberto e uso gratuito ( GPL ).<\/p>\n","protected":false},"author":1,"featured_media":0,"parent":94,"menu_order":0,"comment_status":"closed","ping_status":"closed","template":"","meta":{"_crdt_document":"","footnotes":""},"categories":[9,5],"tags":[8],"class_list":["post-99","page","type-page","status-publish","hentry","category-serv_email","category-solucoes_integradas","tag-nas-sas-storage-servidores-backup-servidor-seguranca-hypervisor-virtualizacao-disponibilidade-dell-hp-supermicro-freenas-raid-pfsense-firewall","entry"],"_links":{"self":[{"href":"https:\/\/www.rsti.net.br\/index.php?rest_route=\/wp\/v2\/pages\/99","targetHints":{"allow":["GET"]}}],"collection":[{"href":"https:\/\/www.rsti.net.br\/index.php?rest_route=\/wp\/v2\/pages"}],"about":[{"href":"https:\/\/www.rsti.net.br\/index.php?rest_route=\/wp\/v2\/types\/page"}],"author":[{"embeddable":true,"href":"https:\/\/www.rsti.net.br\/index.php?rest_route=\/wp\/v2\/users\/1"}],"replies":[{"embeddable":true,"href":"https:\/\/www.rsti.net.br\/index.php?rest_route=%2Fwp%2Fv2%2Fcomments&post=99"}],"version-history":[{"count":0,"href":"https:\/\/www.rsti.net.br\/index.php?rest_route=\/wp\/v2\/pages\/99\/revisions"}],"up":[{"embeddable":true,"href":"https:\/\/www.rsti.net.br\/index.php?rest_route=\/wp\/v2\/pages\/94"}],"wp:attachment":[{"href":"https:\/\/www.rsti.net.br\/index.php?rest_route=%2Fwp%2Fv2%2Fmedia&parent=99"}],"wp:term":[{"taxonomy":"category","embeddable":true,"href":"https:\/\/www.rsti.net.br\/index.php?rest_route=%2Fwp%2Fv2%2Fcategories&post=99"},{"taxonomy":"post_tag","embeddable":true,"href":"https:\/\/www.rsti.net.br\/index.php?rest_route=%2Fwp%2Fv2%2Ftags&post=99"}],"curies":[{"name":"wp","href":"https:\/\/api.w.org\/{rel}","templated":true}]}}