{"id":94,"date":"2020-01-27T18:38:08","date_gmt":"2020-01-27T18:38:08","guid":{"rendered":"http:\/\/www4.rsti.net.lan\/?p=94"},"modified":"2023-03-28T17:56:18","modified_gmt":"2023-03-28T20:56:18","slug":"solucoes-integradas","status":"publish","type":"page","link":"https:\/\/www.rsti.net.br\/?page_id=94","title":{"rendered":"Solu\u00e7\u00f5es Integradas"},"content":{"rendered":"\n<p class=\"wp-block-paragraph\">A <strong>RSTI Servidores e Servi\u00e7os Premium<\/strong> tem in\u00fameras solu\u00e7\u00f5es de v\u00e1rios portes que se encaixam como uma luva na sua estrutura atual de TI. <\/p>\n\n\n\n<div class=\"wp-block-media-text alignfull has-media-on-the-right is-stacked-on-mobile is-vertically-aligned-center\" style=\"grid-template-columns:auto 34%\"><div class=\"wp-block-media-text__content\">\n<h4 class=\"wp-block-heading has-text-align-center has-text-color\" style=\"color:#000000\">Fornecemos servidores &#8220;plug&amp;play&#8221; dimensionados,  expans\u00edveis, que podem rodar diversas solu\u00e7\u00f5es integradas ou dedicadas.<\/h4>\n\n\n\n<h4 class=\"wp-block-heading has-text-align-center has-text-color\" style=\"color:#000000\"> Acesse o sub-menu em &#8220;Solu\u00e7\u00f5es Integradas&#8221; para conhecer nossas op\u00e7\u00f5es de servidores!<\/h4>\n\n\n\n<p class=\"has-text-align-center has-extra-small-font-size wp-block-paragraph\"><\/p>\n<\/div><figure class=\"wp-block-media-text__media\"><img loading=\"lazy\" decoding=\"async\" width=\"300\" height=\"260\" src=\"http:\/\/www.rsti.net.br\/wp-content\/uploads\/2022\/11\/solucoes_integradas\/open_source-logo-300x260.jpg\" alt=\"\" class=\"wp-image-2406 size-medium\" srcset=\"https:\/\/www.rsti.net.br\/wp-content\/uploads\/2022\/11\/solucoes_integradas\/open_source-logo-300x260.jpg 300w, https:\/\/www.rsti.net.br\/wp-content\/uploads\/2022\/11\/solucoes_integradas\/open_source-logo.jpg 402w\" sizes=\"auto, (max-width: 300px) 100vw, 300px\" \/><\/figure><\/div>\n","protected":false},"excerpt":{"rendered":"<p>A RSTI Servidores e Servi\u00e7os Premium tem in\u00fameras solu\u00e7\u00f5es de v\u00e1rios portes que se encaixam como uma luva na sua estrutura atual de TI. Fornecemos servidores &#8220;plug&amp;play&#8221; dimensionados, expans\u00edveis, que podem rodar diversas solu\u00e7\u00f5es integradas ou dedicadas. Acesse o sub-menu em &#8220;Solu\u00e7\u00f5es Integradas&#8221; para conhecer nossas op\u00e7\u00f5es de servidores!<\/p>\n","protected":false},"author":1,"featured_media":0,"parent":6,"menu_order":1,"comment_status":"closed","ping_status":"closed","template":"","meta":{"_crdt_document":"","footnotes":""},"categories":[5],"tags":[8],"class_list":["post-94","page","type-page","status-publish","hentry","category-solucoes_integradas","tag-nas-sas-storage-servidores-backup-servidor-seguranca-hypervisor-virtualizacao-disponibilidade-dell-hp-supermicro-freenas-raid-pfsense-firewall","entry"],"_links":{"self":[{"href":"https:\/\/www.rsti.net.br\/index.php?rest_route=\/wp\/v2\/pages\/94","targetHints":{"allow":["GET"]}}],"collection":[{"href":"https:\/\/www.rsti.net.br\/index.php?rest_route=\/wp\/v2\/pages"}],"about":[{"href":"https:\/\/www.rsti.net.br\/index.php?rest_route=\/wp\/v2\/types\/page"}],"author":[{"embeddable":true,"href":"https:\/\/www.rsti.net.br\/index.php?rest_route=\/wp\/v2\/users\/1"}],"replies":[{"embeddable":true,"href":"https:\/\/www.rsti.net.br\/index.php?rest_route=%2Fwp%2Fv2%2Fcomments&post=94"}],"version-history":[{"count":5,"href":"https:\/\/www.rsti.net.br\/index.php?rest_route=\/wp\/v2\/pages\/94\/revisions"}],"predecessor-version":[{"id":2812,"href":"https:\/\/www.rsti.net.br\/index.php?rest_route=\/wp\/v2\/pages\/94\/revisions\/2812"}],"up":[{"embeddable":true,"href":"https:\/\/www.rsti.net.br\/index.php?rest_route=\/wp\/v2\/pages\/6"}],"wp:attachment":[{"href":"https:\/\/www.rsti.net.br\/index.php?rest_route=%2Fwp%2Fv2%2Fmedia&parent=94"}],"wp:term":[{"taxonomy":"category","embeddable":true,"href":"https:\/\/www.rsti.net.br\/index.php?rest_route=%2Fwp%2Fv2%2Fcategories&post=94"},{"taxonomy":"post_tag","embeddable":true,"href":"https:\/\/www.rsti.net.br\/index.php?rest_route=%2Fwp%2Fv2%2Ftags&post=94"}],"curies":[{"name":"wp","href":"https:\/\/api.w.org\/{rel}","templated":true}]}}