{"id":930,"date":"2020-03-19T17:52:17","date_gmt":"2020-03-19T20:52:17","guid":{"rendered":"http:\/\/www.rsti.net.br\/?p=930"},"modified":"2022-11-29T22:47:06","modified_gmt":"2022-11-30T01:47:06","slug":"home-office","status":"publish","type":"page","link":"https:\/\/www.rsti.net.br\/?page_id=930","title":{"rendered":"Home Office"},"content":{"rendered":"\n<figure class=\"wp-block-image size-large\"><img loading=\"lazy\" decoding=\"async\" width=\"1024\" height=\"683\" src=\"http:\/\/www.rsti.net.br\/wp-content\/uploads\/2020\/03\/fernando-hernandez-efzwcMRM6j4-unsplash-1024x683.jpg\" alt=\"\" class=\"wp-image-888\" srcset=\"https:\/\/www.rsti.net.br\/wp-content\/uploads\/2020\/03\/fernando-hernandez-efzwcMRM6j4-unsplash-1024x683.jpg 1024w, https:\/\/www.rsti.net.br\/wp-content\/uploads\/2020\/03\/fernando-hernandez-efzwcMRM6j4-unsplash-300x200.jpg 300w, https:\/\/www.rsti.net.br\/wp-content\/uploads\/2020\/03\/fernando-hernandez-efzwcMRM6j4-unsplash-768x512.jpg 768w, https:\/\/www.rsti.net.br\/wp-content\/uploads\/2020\/03\/fernando-hernandez-efzwcMRM6j4-unsplash-1536x1024.jpg 1536w, https:\/\/www.rsti.net.br\/wp-content\/uploads\/2020\/03\/fernando-hernandez-efzwcMRM6j4-unsplash-2048x1365.jpg 2048w, https:\/\/www.rsti.net.br\/wp-content\/uploads\/2020\/03\/fernando-hernandez-efzwcMRM6j4-unsplash-1568x1045.jpg 1568w\" sizes=\"auto, (max-width: 1024px) 100vw, 1024px\" \/><\/figure>\n\n\n\n<p class=\"wp-block-paragraph\"><div class=\"su-box su-box-style-default\" id=\"\" style=\"border-color:#000000;border-radius:3px;\"><div class=\"su-box-title\" style=\"background-color:#333333;color:#FFFFFF;border-top-left-radius:1px;border-top-right-radius:1px\">Solu\u00e7\u00f5es para tempos com crise ou sem crise<\/div><div class=\"su-box-content su-u-clearfix su-u-trim\" style=\"border-bottom-left-radius:1px;border-bottom-right-radius:1px\">A RSTI est\u00e1 ao lado dos seus clientes proporcionando solu\u00e7\u00f5es integradas para acesso remoto de arquivos compartilhados, \u00e1rea de trabalho remota &#8211; remote desktop &#8211; e VPN. Possu\u00edmos solu\u00e7\u00f5es para acesso remoto a compartilhamentos Windows-Windows e gerenciamento remoto de servidores. Caso voce sinta que o momento \u00e9 indicado para proporcionar aos seus funcion\u00e1rios uma plataforma segura de acesso remoto para Home Office ou gerencia remota de TI, entre em contato. Teremos prazer em estudar seu caso e propor uma solu\u00e7\u00e3o.<\/div><\/div>\n\n\n\n<h5 class=\"wp-block-heading\">Solu\u00e7\u00f5es de HomeOffice ao alcance de todos: de empreendedor individual \u00e0 grandes empresas.<\/h5>\n\n\n\n<p class=\"orange-message wp-block-paragraph\">Para conhecer melhor esta solu\u00e7\u00e3o, <a href=\"http:\/\/www.rsti.net.br\/?page_id=8\" data-type=\"page\" data-id=\"8\">entre em contato<\/a><\/p>\n","protected":false},"excerpt":{"rendered":"<p>Solu\u00e7\u00f5es de HomeOffice ao alcance de todos: de empreendedor individual \u00e0 grandes empresas.<\/p>\n","protected":false},"author":1,"featured_media":0,"parent":94,"menu_order":0,"comment_status":"closed","ping_status":"closed","template":"","meta":{"_crdt_document":"","footnotes":""},"categories":[5],"tags":[63],"class_list":["post-930","page","type-page","status-publish","hentry","category-solucoes_integradas","tag-home-office-rdp-trabalho-remoto-solucoes-integradas","entry"],"_links":{"self":[{"href":"https:\/\/www.rsti.net.br\/index.php?rest_route=\/wp\/v2\/pages\/930","targetHints":{"allow":["GET"]}}],"collection":[{"href":"https:\/\/www.rsti.net.br\/index.php?rest_route=\/wp\/v2\/pages"}],"about":[{"href":"https:\/\/www.rsti.net.br\/index.php?rest_route=\/wp\/v2\/types\/page"}],"author":[{"embeddable":true,"href":"https:\/\/www.rsti.net.br\/index.php?rest_route=\/wp\/v2\/users\/1"}],"replies":[{"embeddable":true,"href":"https:\/\/www.rsti.net.br\/index.php?rest_route=%2Fwp%2Fv2%2Fcomments&post=930"}],"version-history":[{"count":0,"href":"https:\/\/www.rsti.net.br\/index.php?rest_route=\/wp\/v2\/pages\/930\/revisions"}],"up":[{"embeddable":true,"href":"https:\/\/www.rsti.net.br\/index.php?rest_route=\/wp\/v2\/pages\/94"}],"wp:attachment":[{"href":"https:\/\/www.rsti.net.br\/index.php?rest_route=%2Fwp%2Fv2%2Fmedia&parent=930"}],"wp:term":[{"taxonomy":"category","embeddable":true,"href":"https:\/\/www.rsti.net.br\/index.php?rest_route=%2Fwp%2Fv2%2Fcategories&post=930"},{"taxonomy":"post_tag","embeddable":true,"href":"https:\/\/www.rsti.net.br\/index.php?rest_route=%2Fwp%2Fv2%2Ftags&post=930"}],"curies":[{"name":"wp","href":"https:\/\/api.w.org\/{rel}","templated":true}]}}