{"id":822,"date":"2020-03-02T12:35:12","date_gmt":"2020-03-02T12:35:12","guid":{"rendered":"http:\/\/www.rsti.net.br\/?page_id=822"},"modified":"2025-06-19T17:42:33","modified_gmt":"2025-06-19T20:42:33","slug":"servidores-pme","status":"publish","type":"page","link":"https:\/\/www.rsti.net.br\/?page_id=822","title":{"rendered":"Servidores PME"},"content":{"rendered":"\n<p class=\"has-medium-font-size wp-block-paragraph\">Servidores para pequenas e m\u00e9dias empresas<\/p>\n\n\n\n<p class=\"wp-block-paragraph\">A RSTI est\u00e1 conectada diretamente com o canal de vendas corporativas dos maiores fabricantes do mercado, oferecendo vantagens n\u00e3o encontradas no varejo: financiamento direto, financiamento com o cart\u00e3o BNDS, parcelamento sem juros, ou descontos significativos com pagamento \u00e0 vista.<\/p>\n\n\n\n<p class=\"wp-block-paragraph\">Entre em contato e traga sua demanda, nosso canal de vendas ter\u00e1 prazer em propor uma solu\u00e7\u00e3o que se adeque \u00e0 disponibilidade financeira da sua empresa.<\/p>\n\n\n\n<p class=\"wp-block-paragraph\">Trabalhamos com tres marcas em servidores para PME: <a href=\"http:\/\/www.rsti.net.br\/?page_id=822\">Dell, com a s\u00e9rie &#8220;T&#8221; de servidores<\/a>, HP, com a s\u00e9rie Proliant Microserver e Lenovo com a s\u00e9rie <a href=\"http:\/\/www.rsti.net.br\/?page_id=822\">ThinkSystems ST50<\/a>.<\/p>\n\n\n\n<div class=\"wp-block-media-text alignwide is-stacked-on-mobile\"><figure class=\"wp-block-media-text__media\"><img loading=\"lazy\" decoding=\"async\" width=\"400\" height=\"284\" src=\"http:\/\/www.rsti.net.br\/wp-content\/uploads\/2020\/01\/lenovo-data-center-servers-tower-thinksystem-st50.png\" alt=\"thinksystem-st50.png\" class=\"wp-image-51\" srcset=\"https:\/\/www.rsti.net.br\/wp-content\/uploads\/2020\/01\/lenovo-data-center-servers-tower-thinksystem-st50.png 400w, https:\/\/www.rsti.net.br\/wp-content\/uploads\/2020\/01\/lenovo-data-center-servers-tower-thinksystem-st50-300x213.png 300w\" sizes=\"auto, (max-width: 400px) 100vw, 400px\" \/><\/figure><div class=\"wp-block-media-text__content\">\n<p class=\"has-large-font-size wp-block-paragraph\">Lenovo S\u00e9rie ST50<\/p>\n<\/div><\/div>\n\n\n\n<div class=\"wp-block-media-text alignwide is-stacked-on-mobile\"><figure class=\"wp-block-media-text__media\"><img loading=\"lazy\" decoding=\"async\" width=\"400\" height=\"400\" src=\"http:\/\/www.rsti.net.br\/wp-content\/uploads\/2020\/01\/T140-2-e1580151763800.jpg\" alt=\"Dell T140-2\" class=\"wp-image-45\" srcset=\"https:\/\/www.rsti.net.br\/wp-content\/uploads\/2020\/01\/T140-2-e1580151763800.jpg 400w, https:\/\/www.rsti.net.br\/wp-content\/uploads\/2020\/01\/T140-2-e1580151763800-300x300.jpg 300w, https:\/\/www.rsti.net.br\/wp-content\/uploads\/2020\/01\/T140-2-e1580151763800-150x150.jpg 150w\" sizes=\"auto, (max-width: 400px) 100vw, 400px\" \/><\/figure><div class=\"wp-block-media-text__content\">\n<p class=\"has-large-font-size wp-block-paragraph\">Dell Series &#8220;T&#8221;<\/p>\n<\/div><\/div>\n\n\n\n<div class=\"wp-block-media-text alignwide is-stacked-on-mobile\"><figure class=\"wp-block-media-text__media\"><img loading=\"lazy\" decoding=\"async\" width=\"762\" height=\"493\" src=\"http:\/\/www.rsti.net.br\/wp-content\/uploads\/2020\/03\/HPE-ProLiant-MicroServer-Gen10-Front.jpg\" alt=\"\" class=\"wp-image-828\" srcset=\"https:\/\/www.rsti.net.br\/wp-content\/uploads\/2020\/03\/HPE-ProLiant-MicroServer-Gen10-Front.jpg 762w, https:\/\/www.rsti.net.br\/wp-content\/uploads\/2020\/03\/HPE-ProLiant-MicroServer-Gen10-Front-300x194.jpg 300w\" sizes=\"auto, (max-width: 762px) 100vw, 762px\" \/><\/figure><div class=\"wp-block-media-text__content\">\n<p class=\"has-large-font-size wp-block-paragraph\">HPE Proliant Microserver<\/p>\n<\/div><\/div>\n","protected":false},"excerpt":{"rendered":"<p>Servidores para pequenas e m\u00e9dias empresas A RSTI est\u00e1 conectada diretamente com o canal de vendas corporativas dos maiores fabricantes do mercado, oferecendo vantagens n\u00e3o encontradas no varejo: financiamento direto, financiamento com o cart\u00e3o BNDS, parcelamento sem juros, ou descontos significativos com pagamento \u00e0 vista. Entre em contato e traga sua demanda, nosso canal de&hellip; <a class=\"more-link\" href=\"https:\/\/www.rsti.net.br\/?page_id=822\">Continuar lendo <span class=\"screen-reader-text\">Servidores PME<\/span><\/a><\/p>\n","protected":false},"author":1,"featured_media":0,"parent":0,"menu_order":0,"comment_status":"closed","ping_status":"closed","template":"","meta":{"_crdt_document":"","footnotes":""},"categories":[13],"tags":[],"class_list":["post-822","page","type-page","status-publish","hentry","category-servidores_pme","entry"],"_links":{"self":[{"href":"https:\/\/www.rsti.net.br\/index.php?rest_route=\/wp\/v2\/pages\/822","targetHints":{"allow":["GET"]}}],"collection":[{"href":"https:\/\/www.rsti.net.br\/index.php?rest_route=\/wp\/v2\/pages"}],"about":[{"href":"https:\/\/www.rsti.net.br\/index.php?rest_route=\/wp\/v2\/types\/page"}],"author":[{"embeddable":true,"href":"https:\/\/www.rsti.net.br\/index.php?rest_route=\/wp\/v2\/users\/1"}],"replies":[{"embeddable":true,"href":"https:\/\/www.rsti.net.br\/index.php?rest_route=%2Fwp%2Fv2%2Fcomments&post=822"}],"version-history":[{"count":1,"href":"https:\/\/www.rsti.net.br\/index.php?rest_route=\/wp\/v2\/pages\/822\/revisions"}],"predecessor-version":[{"id":2874,"href":"https:\/\/www.rsti.net.br\/index.php?rest_route=\/wp\/v2\/pages\/822\/revisions\/2874"}],"wp:attachment":[{"href":"https:\/\/www.rsti.net.br\/index.php?rest_route=%2Fwp%2Fv2%2Fmedia&parent=822"}],"wp:term":[{"taxonomy":"category","embeddable":true,"href":"https:\/\/www.rsti.net.br\/index.php?rest_route=%2Fwp%2Fv2%2Fcategories&post=822"},{"taxonomy":"post_tag","embeddable":true,"href":"https:\/\/www.rsti.net.br\/index.php?rest_route=%2Fwp%2Fv2%2Ftags&post=822"}],"curies":[{"name":"wp","href":"https:\/\/api.w.org\/{rel}","templated":true}]}}