{"id":7,"date":"2020-01-27T14:51:02","date_gmt":"2020-01-27T14:51:02","guid":{"rendered":"http:\/\/www4.rsti.net.lan\/?page_id=7"},"modified":"2025-10-04T16:49:38","modified_gmt":"2025-10-04T19:49:38","slug":"about","status":"publish","type":"page","link":"https:\/\/www.rsti.net.br\/?page_id=7","title":{"rendered":"Sobre"},"content":{"rendered":"\n<p class=\"wp-block-paragraph\">Somos a RSTi Servidores e Servi\u00e7os Premium. Nosso escrit\u00f3rio fica no seguinte endere\u00e7o: Rua Daltro Filho, 189 &#8211; Bairro Nova Alemanha &#8211; S. Pedro do Sul &#8211; RS &#8211; Brasil &#8211; 97400-000<\/p>\n\n\n\n<div class=\"wp-block-columns is-layout-flex wp-container-core-columns-is-layout-8f761849 wp-block-columns-is-layout-flex\">\n<div class=\"wp-block-column is-layout-flow wp-block-column-is-layout-flow\" style=\"flex-basis:100%\">\n<iframe src=\"https:\/\/www.google.com\/maps\/embed?pb=!1m18!1m12!1m3!1d3468.615089850232!2d-54.18801426411363!3d-29.6148736583103!2m3!1f0!2f0!3f0!3m2!1i1024!2i768!4f13.1!3m3!1m2!1s0x9501852294ff1533%3A0xa194a64dd3212b15!2sRSTI%20Servidores%20e%20Servi%C3%A7os%20Premium!5e0!3m2!1spt-BR!2sbr!4v1759607325064!5m2!1spt-BR!2sbr\" width=\"600\" height=\"450\" style=\"border:0;\" allowfullscreen=\"\" loading=\"lazy\" referrerpolicy=\"no-referrer-when-downgrade\"><\/iframe>\n<\/div>\n<\/div>\n\n\n\n<hr class=\"wp-block-separator has-css-opacity\"\/>\n\n\n\n<p class=\"wp-block-paragraph\"><\/p>\n","protected":false},"excerpt":{"rendered":"<p>Sobre n\u00f3s<\/p>\n","protected":false},"author":1,"featured_media":0,"parent":0,"menu_order":0,"comment_status":"closed","ping_status":"closed","template":"","meta":{"_crdt_document":"","footnotes":""},"categories":[],"tags":[],"class_list":["post-7","page","type-page","status-publish","hentry","entry"],"_links":{"self":[{"href":"https:\/\/www.rsti.net.br\/index.php?rest_route=\/wp\/v2\/pages\/7","targetHints":{"allow":["GET"]}}],"collection":[{"href":"https:\/\/www.rsti.net.br\/index.php?rest_route=\/wp\/v2\/pages"}],"about":[{"href":"https:\/\/www.rsti.net.br\/index.php?rest_route=\/wp\/v2\/types\/page"}],"author":[{"embeddable":true,"href":"https:\/\/www.rsti.net.br\/index.php?rest_route=\/wp\/v2\/users\/1"}],"replies":[{"embeddable":true,"href":"https:\/\/www.rsti.net.br\/index.php?rest_route=%2Fwp%2Fv2%2Fcomments&post=7"}],"version-history":[{"count":1,"href":"https:\/\/www.rsti.net.br\/index.php?rest_route=\/wp\/v2\/pages\/7\/revisions"}],"predecessor-version":[{"id":2877,"href":"https:\/\/www.rsti.net.br\/index.php?rest_route=\/wp\/v2\/pages\/7\/revisions\/2877"}],"wp:attachment":[{"href":"https:\/\/www.rsti.net.br\/index.php?rest_route=%2Fwp%2Fv2%2Fmedia&parent=7"}],"wp:term":[{"taxonomy":"category","embeddable":true,"href":"https:\/\/www.rsti.net.br\/index.php?rest_route=%2Fwp%2Fv2%2Fcategories&post=7"},{"taxonomy":"post_tag","embeddable":true,"href":"https:\/\/www.rsti.net.br\/index.php?rest_route=%2Fwp%2Fv2%2Ftags&post=7"}],"curies":[{"name":"wp","href":"https:\/\/api.w.org\/{rel}","templated":true}]}}