{"id":6,"date":"2020-01-27T14:51:02","date_gmt":"2020-01-27T17:51:02","guid":{"rendered":"http:\/\/www.rsti.net.br\/?page_id=6"},"modified":"2026-02-12T17:58:04","modified_gmt":"2026-02-12T20:58:04","slug":"rsti-servidores-e-servicos-premium","status":"publish","type":"page","link":"https:\/\/www.rsti.net.br\/","title":{"rendered":"RSTI"},"content":{"rendered":"\n<p class=\"has-small-font-size wp-block-paragraph\">Provedor de Sevi\u00e7os Gerenciados e Hardware para o ambiente empresarial<\/p>\n\n\n\n<figure class=\"wp-block-image\"><img loading=\"lazy\" decoding=\"async\" width=\"1056\" height=\"368\" src=\"http:\/\/www.rsti.net.br\/wp-content\/uploads\/2020\/09\/dl380gen9.jpg\" alt=\"Servidor HP DL380Gen9\" class=\"wp-image-1167\" srcset=\"https:\/\/www.rsti.net.br\/wp-content\/uploads\/2020\/09\/dl380gen9.jpg 1056w, https:\/\/www.rsti.net.br\/wp-content\/uploads\/2020\/09\/dl380gen9-300x105.jpg 300w, https:\/\/www.rsti.net.br\/wp-content\/uploads\/2020\/09\/dl380gen9-1024x357.jpg 1024w, https:\/\/www.rsti.net.br\/wp-content\/uploads\/2020\/09\/dl380gen9-768x268.jpg 768w\" sizes=\"auto, (max-width: 1056px) 100vw, 1056px\" \/><\/figure>\n\n\n\n<h3 id=\"quem-somos-4d17c855-032c-49e1-b744-ade2a08fae2c\" class=\"wp-block-heading\">Quem somos<\/h3>\n\n\n\n<p class=\"wp-block-paragraph\">A RSTI oferece as melhores solu\u00e7\u00f5es em gerenciamento, venda e manuten\u00e7\u00e3o de Servidores e Software para sua empresa.<\/p>\n\n\n\n<p class=\"wp-block-paragraph\">Trabalhamos com o que h\u00e1 de melhor em hardware do mercado: <strong>Dell EMC, HPE, IBM e Lenovo<\/strong>, e uma gama ampla de solu\u00e7\u00f5es de software para tornar sua empresa mais \u00e1gil e eficiente.<\/p>\n\n\n\n<hr class=\"wp-block-separator has-alpha-channel-opacity\"\/>\n\n\n\n<figure class=\"wp-block-image size-large\"><img loading=\"lazy\" decoding=\"async\" width=\"1024\" height=\"658\" src=\"http:\/\/www.rsti.net.br\/wp-content\/uploads\/2020\/02\/abmx_2032_1_1200-1-1024x658.jpg\" alt=\"abmx_2032_1_1200\" class=\"wp-image-584\" srcset=\"https:\/\/www.rsti.net.br\/wp-content\/uploads\/2020\/02\/abmx_2032_1_1200-1-1024x658.jpg 1024w, https:\/\/www.rsti.net.br\/wp-content\/uploads\/2020\/02\/abmx_2032_1_1200-1-300x193.jpg 300w, https:\/\/www.rsti.net.br\/wp-content\/uploads\/2020\/02\/abmx_2032_1_1200-1-768x493.jpg 768w, https:\/\/www.rsti.net.br\/wp-content\/uploads\/2020\/02\/abmx_2032_1_1200-1.jpg 1200w\" sizes=\"auto, (max-width: 1024px) 100vw, 1024px\" \/><\/figure>\n\n\n\n<hr class=\"wp-block-separator has-alpha-channel-opacity\"\/>\n\n\n\n<p class=\"wp-block-paragraph\"><strong>Software<\/strong> &#8211; livre e propriet\u00e1rio, oferecemos uma ampla gama de op\u00e7\u00f5es em instala\u00e7\u00e3o, configura\u00e7\u00e3o e gerenciamento.<\/p>\n\n\n\n<p class=\"wp-block-paragraph\"><strong>Hardware<\/strong> \u2013 configura\u00e7\u00e3o, manuten\u00e7\u00e3o, recondicionamento,&nbsp; re-certifica\u00e7\u00e3o e venda de servidores &#8211; novos e usados &#8211; com garantia.<\/p>\n\n\n\n<p class=\"wp-block-paragraph\"><\/p>\n\n\n<div class=\"wp-block-image\">\n<figure class=\"aligncenter\"><img loading=\"lazy\" decoding=\"async\" width=\"500\" height=\"225\" src=\"http:\/\/www.rsti.net.br\/wp-content\/uploads\/2020\/09\/dell-emc-poweredge-r640-2-no-reflection_12.png\" alt=\"\" class=\"wp-image-1147\" srcset=\"https:\/\/www.rsti.net.br\/wp-content\/uploads\/2020\/09\/dell-emc-poweredge-r640-2-no-reflection_12.png 500w, https:\/\/www.rsti.net.br\/wp-content\/uploads\/2020\/09\/dell-emc-poweredge-r640-2-no-reflection_12-300x135.png 300w\" sizes=\"auto, (max-width: 500px) 100vw, 500px\" \/><\/figure>\n<\/div>\n\n\n<figure class=\"wp-block-pullquote\"><blockquote><p>Descubra como conseguir mais velocidade de acesso \u00e0 internet e seus funcion\u00e1rios focados 100% no trabalho.<\/p><\/blockquote><\/figure>\n\n\n\n<p class=\"wp-block-paragraph\"><\/p>\n\n\n\n<div class=\"wp-block-media-text alignwide has-media-on-the-right is-stacked-on-mobile is-vertically-aligned-center has-background\" style=\"background-color:#f1f5c7\"><div class=\"wp-block-media-text__content\">\n<div class=\"wp-block-group\" style=\"padding-top:2em;padding-right:2em;padding-bottom:2em;padding-left:2em\"><div class=\"wp-block-group__inner-container is-layout-flow wp-block-group-is-layout-flow\">\n<p class=\"has-small-font-size wp-block-paragraph\"><strong>Partindo de uma infraestrutura j\u00e1 existente ou do zero<\/strong>. Temos expertise para planejar redes empresariais de tres a tres mil funcion\u00e1rios, integrando estrutura f\u00edsica e software de c\u00f3digo aberto, como suites office Open Source, servidores pr\u00f3prios de email na n\u00favem p\u00fablica &#8211; aws, azure, oracle cloud, etc&#8230; Oferecemos integra\u00e7\u00f5es de ambientes de trabalho remoto ou em tr\u00e2nsito com acesso a dados, aplicativos e arquivos dentro da empresa por VPN&#8217;s &#8211; redes privadas virtuais. <\/p>\n\n\n\n<p class=\"has-extra-small-font-size wp-block-paragraph\">Acesse o menu &#8220;suporte&#8221; e preencha o formul\u00e1rio de contato, para que possamos conhec\u00ea-lo, suas necessidades espec\u00edficas, a infraestutura existente, os pontos fortes e fracos do seu ambiente atual, e  ajud\u00e1-lo a alcan\u00e7ar suas metas de neg\u00f3cios.<\/p>\n<\/div><\/div>\n<\/div><figure class=\"wp-block-media-text__media\"><img loading=\"lazy\" decoding=\"async\" width=\"1024\" height=\"683\" src=\"http:\/\/www.rsti.net.br\/wp-content\/uploads\/2022\/11\/unsplash\/mitchell-luo-Lx4kly_eMOA-unsplash-1024x683.jpg\" alt=\"\" class=\"wp-image-2435 size-full\" srcset=\"https:\/\/www.rsti.net.br\/wp-content\/uploads\/2022\/11\/unsplash\/mitchell-luo-Lx4kly_eMOA-unsplash-1024x683.jpg 1024w, https:\/\/www.rsti.net.br\/wp-content\/uploads\/2022\/11\/unsplash\/mitchell-luo-Lx4kly_eMOA-unsplash-300x200.jpg 300w, https:\/\/www.rsti.net.br\/wp-content\/uploads\/2022\/11\/unsplash\/mitchell-luo-Lx4kly_eMOA-unsplash-768x512.jpg 768w, https:\/\/www.rsti.net.br\/wp-content\/uploads\/2022\/11\/unsplash\/mitchell-luo-Lx4kly_eMOA-unsplash-1536x1024.jpg 1536w, https:\/\/www.rsti.net.br\/wp-content\/uploads\/2022\/11\/unsplash\/mitchell-luo-Lx4kly_eMOA-unsplash-1568x1046.jpg 1568w, https:\/\/www.rsti.net.br\/wp-content\/uploads\/2022\/11\/unsplash\/mitchell-luo-Lx4kly_eMOA-unsplash.jpg 1600w\" sizes=\"auto, (max-width: 1024px) 100vw, 1024px\" \/><\/figure><\/div>\n\n\n\n<div class=\"wp-block-media-text alignwide is-stacked-on-mobile is-vertically-aligned-center has-background\" style=\"background-color:#fffdea\"><figure class=\"wp-block-media-text__media\"><img loading=\"lazy\" decoding=\"async\" width=\"1024\" height=\"683\" src=\"http:\/\/www.rsti.net.br\/wp-content\/uploads\/2022\/11\/unsplash\/joshua_coffee-1024x683.jpg\" alt=\"\" class=\"wp-image-2445 size-full\" srcset=\"https:\/\/www.rsti.net.br\/wp-content\/uploads\/2022\/11\/unsplash\/joshua_coffee-1024x683.jpg 1024w, https:\/\/www.rsti.net.br\/wp-content\/uploads\/2022\/11\/unsplash\/joshua_coffee-300x200.jpg 300w, https:\/\/www.rsti.net.br\/wp-content\/uploads\/2022\/11\/unsplash\/joshua_coffee-768x512.jpg 768w, https:\/\/www.rsti.net.br\/wp-content\/uploads\/2022\/11\/unsplash\/joshua_coffee-1536x1024.jpg 1536w, https:\/\/www.rsti.net.br\/wp-content\/uploads\/2022\/11\/unsplash\/joshua_coffee-2048x1365.jpg 2048w, https:\/\/www.rsti.net.br\/wp-content\/uploads\/2022\/11\/unsplash\/joshua_coffee-1568x1045.jpg 1568w\" sizes=\"auto, (max-width: 1024px) 100vw, 1024px\" \/><\/figure><div class=\"wp-block-media-text__content\">\n<div class=\"wp-block-group\" style=\"padding-top:2em;padding-right:2em;padding-bottom:2em;padding-left:2em\"><div class=\"wp-block-group__inner-container is-layout-flow wp-block-group-is-layout-flow\">\n<p class=\"has-small-font-size wp-block-paragraph\" style=\"line-height:1.4\"><strong>Soluc\u00f5es Escal\u00e1veis<\/strong> &#8211; <em>Se sua empresa abrange um ou mais ambientes f\u00edsicos e quer crescer, mas sua rede pode estar defasada ou lenta, fale com a gente. Trabalhamos com redes ethernet de todos os tamanhos, com cabeamento convencional ou fibra \u00f3ptica, seguindo normas ANSI\/TIA para datacenters. N\u00e3o importa o tamanho: a ades\u00e3o ao standard \u00e9 o mesmo, <em>para que voce possa fazer uma vez, e fazer para sempre.<\/em><\/em><\/p>\n\n\n\n<p class=\"has-small-font-size wp-block-paragraph\" style=\"line-height:1.2\"><\/p>\n<\/div><\/div>\n<\/div><\/div>\n\n\n\n<p class=\"wp-block-paragraph\"><\/p>\n\n\n\n<div class=\"wp-block-group alignfull has-background\" style=\"background-color:#f2f0e9\"><div class=\"wp-block-group__inner-container is-layout-flow wp-block-group-is-layout-flow\">\n<div style=\"height:70px\" aria-hidden=\"true\" class=\"wp-block-spacer\"><\/div>\n\n\n\n<div class=\"wp-block-columns alignwide are-vertically-aligned-center is-layout-flex wp-container-core-columns-is-layout-8f761849 wp-block-columns-is-layout-flex\">\n<div class=\"wp-block-column is-layout-flow wp-block-column-is-layout-flow\" style=\"flex-basis:50%\">\n<p class=\"has-text-color wp-block-paragraph\" style=\"color:#000000;font-size:30px;line-height:1.1\"><strong>Seguran\u00e7a e performance<\/strong><\/p>\n<\/div>\n\n\n\n<div class=\"wp-block-column is-layout-flow wp-block-column-is-layout-flow\" style=\"flex-basis:50%\">\n<hr class=\"wp-block-separator has-text-color has-css-opacity has-background is-style-wide\" style=\"background-color:#000000;color:#000000\"\/>\n<\/div>\n<\/div>\n\n\n\n<div class=\"wp-block-columns alignwide is-layout-flex wp-container-core-columns-is-layout-8f761849 wp-block-columns-is-layout-flex\">\n<div class=\"wp-block-column is-layout-flow wp-block-column-is-layout-flow\">\n<figure class=\"wp-block-image size-large\"><img loading=\"lazy\" decoding=\"async\" width=\"683\" height=\"1024\" src=\"http:\/\/www.rsti.net.br\/wp-content\/uploads\/2022\/11\/unsplash\/jason-leung-oXVdEJUsunI-unsplash-683x1024.jpg\" alt=\"\" class=\"wp-image-2446\" srcset=\"https:\/\/www.rsti.net.br\/wp-content\/uploads\/2022\/11\/unsplash\/jason-leung-oXVdEJUsunI-unsplash-683x1024.jpg 683w, https:\/\/www.rsti.net.br\/wp-content\/uploads\/2022\/11\/unsplash\/jason-leung-oXVdEJUsunI-unsplash-200x300.jpg 200w, https:\/\/www.rsti.net.br\/wp-content\/uploads\/2022\/11\/unsplash\/jason-leung-oXVdEJUsunI-unsplash-768x1152.jpg 768w, https:\/\/www.rsti.net.br\/wp-content\/uploads\/2022\/11\/unsplash\/jason-leung-oXVdEJUsunI-unsplash-1024x1536.jpg 1024w, https:\/\/www.rsti.net.br\/wp-content\/uploads\/2022\/11\/unsplash\/jason-leung-oXVdEJUsunI-unsplash-1365x2048.jpg 1365w, https:\/\/www.rsti.net.br\/wp-content\/uploads\/2022\/11\/unsplash\/jason-leung-oXVdEJUsunI-unsplash-1568x2352.jpg 1568w, https:\/\/www.rsti.net.br\/wp-content\/uploads\/2022\/11\/unsplash\/jason-leung-oXVdEJUsunI-unsplash-scaled.jpg 1707w\" sizes=\"auto, (max-width: 683px) 100vw, 683px\" \/><\/figure>\n<\/div>\n\n\n\n<div class=\"wp-block-column is-layout-flow wp-block-column-is-layout-flow\">\n<h4 class=\"wp-block-heading\"><strong>Migra\u00e7\u00e3o para a n\u00favem<\/strong><\/h4>\n\n\n\n<p class=\"has-text-color has-extra-small-font-size wp-block-paragraph\" style=\"color:#000000\">Seus aplicativos, dados, e API&#8217;s estar\u00e3o dispon\u00edveis remotamente, podendo ser acessados de qualquer lugar, por\u00e9m num ambiente seguro. <\/p>\n\n\n\n<h4 class=\"wp-block-heading\">DNS sob controle<\/h4>\n\n\n\n<div class=\"wp-block-group\"><div class=\"wp-block-group__inner-container is-layout-constrained wp-block-group-is-layout-constrained\">\n<p class=\"wp-block-paragraph\">Mantenha seus funcion\u00e1rios focados no trabalho, restringindo o acesso \u00e0 classes de sites internet por categoria: governo, bancos, etc&#8230; Restrinja o acesso por hor\u00e1rio \u00e0s plataformas de m\u00eddia social e streaming &#8211; facebook, instagram, youtube, e outros. Nossas plataformas de proxy dns se encarregam da filtragem para que seu pessoal n\u00e3o se  distraia durante o hor\u00e1rio de trabalho.<\/p>\n<\/div><\/div>\n<\/div>\n\n\n\n<div class=\"wp-block-column is-layout-flow wp-block-column-is-layout-flow\">\n<figure class=\"wp-block-image size-large\"><img loading=\"lazy\" decoding=\"async\" width=\"768\" height=\"1024\" src=\"http:\/\/www.rsti.net.br\/wp-content\/uploads\/2022\/11\/unsplash\/screen-post-vYxnwamt6HE-unsplash-768x1024.jpg\" alt=\"\" class=\"wp-image-2434\" srcset=\"https:\/\/www.rsti.net.br\/wp-content\/uploads\/2022\/11\/unsplash\/screen-post-vYxnwamt6HE-unsplash-768x1024.jpg 768w, https:\/\/www.rsti.net.br\/wp-content\/uploads\/2022\/11\/unsplash\/screen-post-vYxnwamt6HE-unsplash-225x300.jpg 225w, https:\/\/www.rsti.net.br\/wp-content\/uploads\/2022\/11\/unsplash\/screen-post-vYxnwamt6HE-unsplash-1152x1536.jpg 1152w, https:\/\/www.rsti.net.br\/wp-content\/uploads\/2022\/11\/unsplash\/screen-post-vYxnwamt6HE-unsplash-1536x2048.jpg 1536w, https:\/\/www.rsti.net.br\/wp-content\/uploads\/2022\/11\/unsplash\/screen-post-vYxnwamt6HE-unsplash-1568x2091.jpg 1568w, https:\/\/www.rsti.net.br\/wp-content\/uploads\/2022\/11\/unsplash\/screen-post-vYxnwamt6HE-unsplash-scaled.jpg 1920w\" sizes=\"auto, (max-width: 768px) 100vw, 768px\" \/><\/figure>\n<\/div>\n<\/div>\n\n\n\n<div style=\"height:40px\" aria-hidden=\"true\" class=\"wp-block-spacer\"><\/div>\n<\/div><\/div>\n\n\n\n<hr class=\"wp-block-separator has-alpha-channel-opacity\"\/>\n\n\n\n<div class=\"wp-block-media-text alignfull is-stacked-on-mobile is-vertically-aligned-center\"><figure class=\"wp-block-media-text__media\"><img loading=\"lazy\" decoding=\"async\" width=\"1024\" height=\"576\" src=\"http:\/\/www.rsti.net.br\/wp-content\/uploads\/2023\/01\/renato-dehnhardt-U1OumAqDHTk-unsplash-1024x576.jpg\" alt=\"\" class=\"wp-image-2582 size-full\" srcset=\"https:\/\/www.rsti.net.br\/wp-content\/uploads\/2023\/01\/renato-dehnhardt-U1OumAqDHTk-unsplash-1024x576.jpg 1024w, https:\/\/www.rsti.net.br\/wp-content\/uploads\/2023\/01\/renato-dehnhardt-U1OumAqDHTk-unsplash-300x169.jpg 300w, https:\/\/www.rsti.net.br\/wp-content\/uploads\/2023\/01\/renato-dehnhardt-U1OumAqDHTk-unsplash-768x432.jpg 768w, https:\/\/www.rsti.net.br\/wp-content\/uploads\/2023\/01\/renato-dehnhardt-U1OumAqDHTk-unsplash-1536x864.jpg 1536w, https:\/\/www.rsti.net.br\/wp-content\/uploads\/2023\/01\/renato-dehnhardt-U1OumAqDHTk-unsplash-2048x1152.jpg 2048w, https:\/\/www.rsti.net.br\/wp-content\/uploads\/2023\/01\/renato-dehnhardt-U1OumAqDHTk-unsplash-1568x882.jpg 1568w\" sizes=\"auto, (max-width: 1024px) 100vw, 1024px\" \/><\/figure><div class=\"wp-block-media-text__content\">\n<h3 class=\"wp-block-heading has-text-align-center has-text-color\" style=\"color:#000000\">Saiba mais<\/h3>\n\n\n\n<p class=\"wp-block-paragraph\">Conhe\u00e7a mais sobre como a RSTI colabora com sua empresa para pavimentar sua rota de sucessos nos neg\u00f3cios, acessando a \u00e1rea de Solu\u00e7\u00f5es Integradas<\/p>\n\n\n\n<p class=\"has-text-align-center has-extra-small-font-size wp-block-paragraph\">Acesse &#8220;Solu\u00e7\u00f5es Integradas&#8221; no menu principal \u2197<\/p>\n<\/div><\/div>\n\n\n\n<p class=\"wp-block-paragraph\"><\/p>\n\n\n\n<hr class=\"wp-block-separator has-alpha-channel-opacity\"\/>\n\n\n\n<div class=\"wp-block-group alignfull has-text-color has-background\" style=\"color:#000000;background-color:#ffffff\"><div class=\"wp-block-group__inner-container is-layout-flow wp-block-group-is-layout-flow\">\n<div style=\"height:64px\" aria-hidden=\"true\" class=\"wp-block-spacer\"><\/div>\n\n\n\n<p class=\"has-text-align-center has-small-font-size wp-block-paragraph\" style=\"line-height:.9\"><strong>PRIMEIROS PASSOS<\/strong><\/p>\n\n\n\n<h2 class=\"wp-block-heading has-text-align-center\" id=\"schedule-a-visit\" style=\"font-size:30px;line-height:1.15\"><strong>Acesse o menu principal e conhe\u00e7a o potencial de crescimento e expans\u00e3o que sua empresa possui<\/strong>, ou<\/h2>\n\n\n\n<div class=\"wp-block-buttons is-horizontal is-content-justification-center is-layout-flex wp-container-core-buttons-is-layout-7d812b4c wp-block-buttons-is-layout-flex\">\n<div class=\"wp-block-button has-custom-width wp-block-button__width-50\"><a class=\"wp-block-button__link has-text-color has-background wp-element-button\" href=\"http:\/\/www.rsti.net.br\/?page_id=8\" style=\"border-radius:50px;color:#ffffff;background-color:#000000\" target=\"_blank\" rel=\"noreferrer noopener\">entre em contato<\/a><\/div>\n<\/div>\n\n\n\n<div style=\"height:64px\" aria-hidden=\"true\" class=\"wp-block-spacer\"><\/div>\n<\/div><\/div>\n\n\n\n<figure class=\"wp-block-image size-full\"><img loading=\"lazy\" decoding=\"async\" width=\"131\" height=\"60\" src=\"http:\/\/www.rsti.net.br\/wp-content\/uploads\/2020\/02\/logo_dell_expert_network.png\" alt=\"\" class=\"wp-image-728\"\/><\/figure>\n\n\n\n<p class=\"has-text-align-center wp-block-paragraph\">A RSTI integra o programa<\/p>\n","protected":false},"excerpt":{"rendered":"<p>Provedor de Sevi\u00e7os Gerenciados e Hardware para o ambiente empresarial Quem somos A RSTI oferece as melhores solu\u00e7\u00f5es em gerenciamento, venda e manuten\u00e7\u00e3o de Servidores e Software para sua empresa. Trabalhamos com o que h\u00e1 de melhor em hardware do mercado: Dell EMC, HPE, IBM e Lenovo, e uma gama ampla de solu\u00e7\u00f5es de software&hellip; <a class=\"more-link\" href=\"https:\/\/www.rsti.net.br\/\">Continuar lendo <span class=\"screen-reader-text\">RSTI<\/span><\/a><\/p>\n","protected":false},"author":1,"featured_media":0,"parent":0,"menu_order":0,"comment_status":"closed","ping_status":"closed","template":"","meta":{"_crdt_document":"","footnotes":""},"categories":[],"tags":[],"class_list":["post-6","page","type-page","status-publish","hentry","entry"],"_links":{"self":[{"href":"https:\/\/www.rsti.net.br\/index.php?rest_route=\/wp\/v2\/pages\/6","targetHints":{"allow":["GET"]}}],"collection":[{"href":"https:\/\/www.rsti.net.br\/index.php?rest_route=\/wp\/v2\/pages"}],"about":[{"href":"https:\/\/www.rsti.net.br\/index.php?rest_route=\/wp\/v2\/types\/page"}],"author":[{"embeddable":true,"href":"https:\/\/www.rsti.net.br\/index.php?rest_route=\/wp\/v2\/users\/1"}],"replies":[{"embeddable":true,"href":"https:\/\/www.rsti.net.br\/index.php?rest_route=%2Fwp%2Fv2%2Fcomments&post=6"}],"version-history":[{"count":29,"href":"https:\/\/www.rsti.net.br\/index.php?rest_route=\/wp\/v2\/pages\/6\/revisions"}],"predecessor-version":[{"id":2912,"href":"https:\/\/www.rsti.net.br\/index.php?rest_route=\/wp\/v2\/pages\/6\/revisions\/2912"}],"wp:attachment":[{"href":"https:\/\/www.rsti.net.br\/index.php?rest_route=%2Fwp%2Fv2%2Fmedia&parent=6"}],"wp:term":[{"taxonomy":"category","embeddable":true,"href":"https:\/\/www.rsti.net.br\/index.php?rest_route=%2Fwp%2Fv2%2Fcategories&post=6"},{"taxonomy":"post_tag","embeddable":true,"href":"https:\/\/www.rsti.net.br\/index.php?rest_route=%2Fwp%2Fv2%2Ftags&post=6"}],"curies":[{"name":"wp","href":"https:\/\/api.w.org\/{rel}","templated":true}]}}