{"id":317,"date":"2020-02-20T03:40:15","date_gmt":"2020-02-20T03:40:15","guid":{"rendered":"http:\/\/www.rsti.net.br\/?p=317"},"modified":"2022-11-29T23:25:25","modified_gmt":"2022-11-30T02:25:25","slug":"file-sharing","status":"publish","type":"page","link":"https:\/\/www.rsti.net.br\/?page_id=317","title":{"rendered":"File Sharing"},"content":{"rendered":"<h2>Compartilhamento de arquivos<\/h2>\n<p>Uma solu\u00e7\u00e3o imensamente eficiente e completamente compat\u00edvel com sua rede LAN Windows \u00e9 o Sistema de Compartilhamento de Arquivos e Recursos de Rede <strong>SAMBA<\/strong>. Sendo compat\u00edvel tanto com clientes de redes quanto servidores Windows, ele pode ser configurado como:<\/p>\n<p><!-- \/wp:post-content --><\/p>\n<p><!-- wp:list --><\/p>\n<ul>\n<li>Standalone (como servidor \u00fanico ou membro de um dom\u00ednio)<\/li>\n<li>Membro (como membro expl\u00edcito de um Dom\u00ednio existente)<\/li>\n<li>Controlador Principal de Dom\u00ednio,<\/li>\n<li>Controlador Backup de Netbios,<\/li>\n<li>Controlador de um Dom\u00ednio Active Directory<\/li>\n<\/ul>\n<p><!-- \/wp:list --><\/p>\n<p><!-- wp:separator --><\/p>\n<p><!-- wp:image {\"id\":837,\"sizeSlug\":\"full\",\"linkDestination\":\"none\"} --><\/p>\n<figure class=\"wp-block-image size-full\"><img loading=\"lazy\" decoding=\"async\" width=\"650\" height=\"310\" class=\"wp-image-837 aligncenter\" src=\"http:\/\/www.rsti.net.br\/wp-content\/uploads\/2020\/03\/banner1_samba.png\" alt=\"\" srcset=\"https:\/\/www.rsti.net.br\/wp-content\/uploads\/2020\/03\/banner1_samba.png 650w, https:\/\/www.rsti.net.br\/wp-content\/uploads\/2020\/03\/banner1_samba-300x143.png 300w\" sizes=\"auto, (max-width: 650px) 100vw, 650px\" \/><\/figure>\n<p><!-- \/wp:image --><\/p>\n<p><!-- wp:paragraph --><\/p>\n<p>Um Servidor <strong>SAMBA<\/strong> integra-se perfeitamente em uma rede Windows existente.<\/p>\n<p><!-- \/wp:paragraph --><\/p>\n<p><!-- wp:image {\"id\":462,\"sizeSlug\":\"full\",\"linkDestination\":\"none\"} --><\/p>\n<figure class=\"wp-block-image size-full\"><img loading=\"lazy\" decoding=\"async\" width=\"625\" height=\"308\" class=\"wp-image-462 aligncenter\" src=\"http:\/\/www.rsti.net.br\/wp-content\/uploads\/2020\/02\/ubuntu_samba_windows_share.png\" alt=\"ubuntu_samba_windows_share\" srcset=\"https:\/\/www.rsti.net.br\/wp-content\/uploads\/2020\/02\/ubuntu_samba_windows_share.png 625w, https:\/\/www.rsti.net.br\/wp-content\/uploads\/2020\/02\/ubuntu_samba_windows_share-300x148.png 300w\" sizes=\"auto, (max-width: 625px) 100vw, 625px\" \/><figcaption class=\"wp-element-caption\">ubuntu_samba_windows_share<\/figcaption><\/figure>\n<p><!-- \/wp:image --><\/p>\n<p><!-- wp:paragraph --><\/p>\n<p>&#8230; Ou gerencia uma rede na qual n\u00e3o h\u00e1 um servidor Windows Server, centralizando as fun\u00e7\u00f5es de controlador de lista de acesso de compartilhamentos, logins, servi\u00e7os de impress\u00e3o &#8211; apenas para citar alguns \u00edtens. <em>Isso tudo sem gerar nenhum custo adicional de licenciamento, pois \u00e9 uma solu\u00e7\u00e3o de c\u00f3digo aberto e totalmente gratuita.<\/em><\/p>\n<p><!-- \/wp:paragraph --><\/p>\n<p><!-- wp:image {\"align\":\"center\",\"id\":838,\"width\":476,\"height\":330,\"sizeSlug\":\"full\",\"linkDestination\":\"none\",\"className\":\"is-style-default\"} --><\/p>\n<figure class=\"wp-block-image aligncenter size-full is-resized is-style-default\"><img loading=\"lazy\" decoding=\"async\" class=\"wp-image-838\" src=\"http:\/\/www.rsti.net.br\/wp-content\/uploads\/2020\/03\/file-sharing.jpg\" alt=\"\" width=\"476\" height=\"330\" srcset=\"https:\/\/www.rsti.net.br\/wp-content\/uploads\/2020\/03\/file-sharing.jpg 951w, https:\/\/www.rsti.net.br\/wp-content\/uploads\/2020\/03\/file-sharing-300x208.jpg 300w, https:\/\/www.rsti.net.br\/wp-content\/uploads\/2020\/03\/file-sharing-768x533.jpg 768w\" sizes=\"auto, (max-width: 476px) 100vw, 476px\" \/><\/figure>\n<p><!-- \/wp:image --><\/p>\n<p><!-- wp:block {\"ref\":472} \/--><\/p>\n<p><!-- wp:block {\"ref\":285} \/--><\/p>\n\n<!-- wp:buttons {\"layout\":{\"type\":\"flex\",\"justifyContent\":\"center\"}} -->\n<div class=\"wp-block-buttons\"><!-- wp:button {\"textAlign\":\"center\"} -->\n<div class=\"wp-block-button\"><a class=\"wp-block-button__link has-text-align-center wp-element-button\" href=\"http:\/\/www.rsti.net.br\/?page_id=8\">Entre em contato<\/a><\/div>\n<!-- \/wp:button --><\/div>\n<!-- \/wp:buttons -->","protected":false},"excerpt":{"rendered":"<p>Compartilhamento de arquivos Uma solu\u00e7\u00e3o imensamente eficiente e completamente compat\u00edvel com sua rede LAN Windows \u00e9 o Sistema de Compartilhamento de Arquivos e Recursos de Rede SAMBA. Sendo compat\u00edvel tanto com clientes de redes quanto servidores Windows, ele pode ser configurado como: Standalone (como servidor \u00fanico ou membro de um dom\u00ednio) Membro (como membro expl\u00edcito&hellip; <a class=\"more-link\" href=\"https:\/\/www.rsti.net.br\/?page_id=317\">Continuar lendo <span class=\"screen-reader-text\">File Sharing<\/span><\/a><\/p>\n","protected":false},"author":1,"featured_media":0,"parent":94,"menu_order":4,"comment_status":"closed","ping_status":"open","template":"","meta":{"_crdt_document":"","footnotes":""},"categories":[38,5],"tags":[],"class_list":["post-317","page","type-page","status-publish","hentry","category-compartilhamento-de-arquivos","category-solucoes_integradas","entry"],"_links":{"self":[{"href":"https:\/\/www.rsti.net.br\/index.php?rest_route=\/wp\/v2\/pages\/317","targetHints":{"allow":["GET"]}}],"collection":[{"href":"https:\/\/www.rsti.net.br\/index.php?rest_route=\/wp\/v2\/pages"}],"about":[{"href":"https:\/\/www.rsti.net.br\/index.php?rest_route=\/wp\/v2\/types\/page"}],"author":[{"embeddable":true,"href":"https:\/\/www.rsti.net.br\/index.php?rest_route=\/wp\/v2\/users\/1"}],"replies":[{"embeddable":true,"href":"https:\/\/www.rsti.net.br\/index.php?rest_route=%2Fwp%2Fv2%2Fcomments&post=317"}],"version-history":[{"count":0,"href":"https:\/\/www.rsti.net.br\/index.php?rest_route=\/wp\/v2\/pages\/317\/revisions"}],"up":[{"embeddable":true,"href":"https:\/\/www.rsti.net.br\/index.php?rest_route=\/wp\/v2\/pages\/94"}],"wp:attachment":[{"href":"https:\/\/www.rsti.net.br\/index.php?rest_route=%2Fwp%2Fv2%2Fmedia&parent=317"}],"wp:term":[{"taxonomy":"category","embeddable":true,"href":"https:\/\/www.rsti.net.br\/index.php?rest_route=%2Fwp%2Fv2%2Fcategories&post=317"},{"taxonomy":"post_tag","embeddable":true,"href":"https:\/\/www.rsti.net.br\/index.php?rest_route=%2Fwp%2Fv2%2Ftags&post=317"}],"curies":[{"name":"wp","href":"https:\/\/api.w.org\/{rel}","templated":true}]}}