{"id":151,"date":"2020-01-29T01:23:14","date_gmt":"2020-01-29T01:23:14","guid":{"rendered":"http:\/\/www4.rsti.net.lan\/?page_id=151"},"modified":"2023-02-02T15:29:14","modified_gmt":"2023-02-02T18:29:14","slug":"backup","status":"publish","type":"page","link":"https:\/\/www.rsti.net.br\/?page_id=151","title":{"rendered":"Solu\u00e7\u00f5es de Backup"},"content":{"rendered":"\n<p class=\"has-drop-cap wp-block-paragraph\">Nossas solu\u00e7\u00f5es de backup focam em dois n\u00edveis se servi\u00e7os essenciais da sua empresa: clientes de rede e servidores. As solu\u00e7\u00f5es de backup para clientes de rede &#8211; m\u00e1quinas f\u00edsicas, integrantes de uma rede LAN &#8211; usam software propriet\u00e1rio como B\u00e1cula, Acronis, Nakivo ou Veem. As solu\u00e7\u00f5es de backup de servi\u00e7os essenciais de rede incorporam na sua maioria software livre, tais como BackupPC, Rsync, Amanda e outros.<\/p>\n\n\n\n<p class=\"wp-block-paragraph\">H\u00e1 clientes que optam por solu\u00e7\u00f5es de backup local, outros optam por solu\u00e7\u00f5es centralizadas em servidores espec\u00edficos. Mas todos se preocupam com a integridade dos seus dados, tanto os da rede interna quanto no pool de servidores.<\/p>\n\n\n\n<p class=\"wp-block-paragraph\">As principais causas de perda de dados auditada pela Finaceonline.com foram:<\/p>\n\n\n\n<figure class=\"wp-block-image size-large is-resized\"><img loading=\"lazy\" decoding=\"async\" src=\"http:\/\/www.rsti.net.br\/wp-content\/uploads\/2020\/02\/the-most-common-reasons-1024x573.png\" alt=\"\" class=\"wp-image-490\" width=\"768\" height=\"430\" srcset=\"https:\/\/www.rsti.net.br\/wp-content\/uploads\/2020\/02\/the-most-common-reasons-1024x573.png 1024w, https:\/\/www.rsti.net.br\/wp-content\/uploads\/2020\/02\/the-most-common-reasons-300x168.png 300w, https:\/\/www.rsti.net.br\/wp-content\/uploads\/2020\/02\/the-most-common-reasons-768x429.png 768w, https:\/\/www.rsti.net.br\/wp-content\/uploads\/2020\/02\/the-most-common-reasons.png 1520w\" sizes=\"auto, (max-width: 768px) 100vw, 768px\" \/><\/figure>\n\n\n\n<p class=\"wp-block-paragraph\"> A causa maior de perda de dados &#8211; conforme o gr\u00e1fico acima &#8211; \u00e9 a falha de hardware, e entre estas as falhas de discos-r\u00edgidos. Mas entre todas as falhas listadas acima, existe outra n\u00e3o listada, que \u00e9 a falta de um backup atualizado, completo e dispon\u00edvel para restaura\u00e7\u00e3o dos dados.<\/p>\n\n\n\n<p class=\"wp-block-paragraph\">A RSTI adota na empresa &#8211; e oferece essa solu\u00e7\u00e3o aos seus clientes &#8211; uma pol\u00edtica de backup seguindo os seguintes par\u00e2metros:<\/p>\n\n\n\n<ul class=\"wp-block-list\">\n<li>A regra 3-2-1: backup em tres c\u00f3pias, 2 na empresa &#8211; por\u00e9m em locais diferentes &#8211; e uma num local remoto.<\/li>\n\n\n\n<li>Ter apenas um backup \u00e9 t\u00e3o pouco confi\u00e1vel como n\u00e3o ter nenhum<\/li>\n\n\n\n<li>Uma c\u00f3pia de backup desatualizada pode ser um desastre: toda c\u00f3pia de backup para ser v\u00e1lida tem que representar o estado atual dos dados com a m\u00e1xima exatid\u00e3o poss\u00edvel.<\/li>\n\n\n\n<li>Quanto mais automatizada for a solu\u00e7\u00e3o (schedulling ou agendamento) melhor! Elimina-se a falha humana da distra\u00e7\u00e3o ou esquecimento de manter c\u00f3pias atualizadas do backup<\/li>\n<\/ul>\n\n\n\n<figure class=\"wp-block-image size-large is-resized\"><img loading=\"lazy\" decoding=\"async\" src=\"http:\/\/www.rsti.net.br\/wp-content\/uploads\/2020\/02\/server-backup.jpg\" alt=\"server-backup\" class=\"wp-image-500\" width=\"512\" height=\"320\" srcset=\"https:\/\/www.rsti.net.br\/wp-content\/uploads\/2020\/02\/server-backup.jpg 1024w, https:\/\/www.rsti.net.br\/wp-content\/uploads\/2020\/02\/server-backup-300x188.jpg 300w, https:\/\/www.rsti.net.br\/wp-content\/uploads\/2020\/02\/server-backup-768x480.jpg 768w\" sizes=\"auto, (max-width: 512px) 100vw, 512px\" \/><figcaption class=\"wp-element-caption\"><em>backup-server<\/em><\/figcaption><\/figure>\n\n\n\n<p class=\"wp-block-paragraph\">H\u00e1 outras considera\u00e7\u00f5es bastante s\u00e9rias a serem levadas na estrutura\u00e7\u00e3o de uma pol\u00edtica de backup nas empresas: o perigo dos v\u00edrus e ramsomwares. \u00c9 fundamental manter uma rede bem distribu\u00edda de software antiv\u00edrus, permanentemente atualizada, afim de proteger tanto as m\u00e1quinas da rede interna, quanto os compartilhamentos que residam em servidores de arquivos.<\/p>\n\n\n\n<ul class=\"wp-block-list\">\n<li>Suporta processos de backup automatizados e manuais.<\/li>\n\n\n\n<li>Permite executar recupera\u00e7\u00e3o granular de dados ou recupera\u00e7\u00e3o de dados em massa, dependendo de suas necessidades<\/li>\n\n\n\n<li>Pode armazenar seus dados de backup em v\u00e1rios dispositivos ou locais como uma camada adicional de prote\u00e7\u00e3o<\/li>\n\n\n\n<li>Vem com ferramentas de seguran\u00e7a, como prote\u00e7\u00e3o de criptografia e ransomware<\/li>\n\n\n\n<li>Tem a capacidade de compactar dados para que seus dados de backup n\u00e3o ocupem muito espa\u00e7o de armazenamento<\/li>\n\n\n\n<li>Compat\u00edvel com o seu sistema operacional<\/li>\n<\/ul>\n\n\n\n<hr class=\"wp-block-separator has-css-opacity\"\/>\n\n\n\n<figure class=\"wp-block-image size-large\"><img loading=\"lazy\" decoding=\"async\" width=\"518\" height=\"292\" src=\"http:\/\/www.rsti.net.br\/wp-content\/uploads\/2020\/02\/backup_server_data_system_admin.png\" alt=\"backup_server_data_system_admin\" class=\"wp-image-495\" srcset=\"https:\/\/www.rsti.net.br\/wp-content\/uploads\/2020\/02\/backup_server_data_system_admin.png 518w, https:\/\/www.rsti.net.br\/wp-content\/uploads\/2020\/02\/backup_server_data_system_admin-300x169.png 300w\" sizes=\"auto, (max-width: 518px) 100vw, 518px\" \/><figcaption class=\"wp-element-caption\"><em>backup_server_data_system_admin<\/em><\/figcaption><\/figure>\n\n\n\n<hr class=\"wp-block-separator has-css-opacity\"\/>\n\n\n\n<div class=\"wp-block-button\"><a class=\"wp-block-button__link wp-element-button\" href=\"https:\/\/www.rsti.net.br\/?p=8\" rel=\"http:\/\/www.rsti.net.br\/?p=243 noopener noreferrer\">Contato<\/a><\/div>\n","protected":false},"excerpt":{"rendered":"<p>Nossas solu\u00e7\u00f5es de backup focam em dois n\u00edveis se servi\u00e7os essenciais da sua empresa: clientes de rede e servidores. As solu\u00e7\u00f5es de backup para clientes de rede &#8211; m\u00e1quinas f\u00edsicas, integrantes de uma rede LAN &#8211; usam software propriet\u00e1rio como B\u00e1cula, Acronis, Nakivo ou Veem. As solu\u00e7\u00f5es de backup de servi\u00e7os essenciais de rede incorporam&hellip; <a class=\"more-link\" href=\"https:\/\/www.rsti.net.br\/?page_id=151\">Continuar lendo <span class=\"screen-reader-text\">Solu\u00e7\u00f5es de Backup<\/span><\/a><\/p>\n","protected":false},"author":1,"featured_media":0,"parent":94,"menu_order":0,"comment_status":"closed","ping_status":"closed","template":"","meta":{"_crdt_document":"","footnotes":""},"categories":[],"tags":[],"class_list":["post-151","page","type-page","status-publish","hentry","entry"],"_links":{"self":[{"href":"https:\/\/www.rsti.net.br\/index.php?rest_route=\/wp\/v2\/pages\/151","targetHints":{"allow":["GET"]}}],"collection":[{"href":"https:\/\/www.rsti.net.br\/index.php?rest_route=\/wp\/v2\/pages"}],"about":[{"href":"https:\/\/www.rsti.net.br\/index.php?rest_route=\/wp\/v2\/types\/page"}],"author":[{"embeddable":true,"href":"https:\/\/www.rsti.net.br\/index.php?rest_route=\/wp\/v2\/users\/1"}],"replies":[{"embeddable":true,"href":"https:\/\/www.rsti.net.br\/index.php?rest_route=%2Fwp%2Fv2%2Fcomments&post=151"}],"version-history":[{"count":3,"href":"https:\/\/www.rsti.net.br\/index.php?rest_route=\/wp\/v2\/pages\/151\/revisions"}],"predecessor-version":[{"id":2657,"href":"https:\/\/www.rsti.net.br\/index.php?rest_route=\/wp\/v2\/pages\/151\/revisions\/2657"}],"up":[{"embeddable":true,"href":"https:\/\/www.rsti.net.br\/index.php?rest_route=\/wp\/v2\/pages\/94"}],"wp:attachment":[{"href":"https:\/\/www.rsti.net.br\/index.php?rest_route=%2Fwp%2Fv2%2Fmedia&parent=151"}],"wp:term":[{"taxonomy":"category","embeddable":true,"href":"https:\/\/www.rsti.net.br\/index.php?rest_route=%2Fwp%2Fv2%2Fcategories&post=151"},{"taxonomy":"post_tag","embeddable":true,"href":"https:\/\/www.rsti.net.br\/index.php?rest_route=%2Fwp%2Fv2%2Ftags&post=151"}],"curies":[{"name":"wp","href":"https:\/\/api.w.org\/{rel}","templated":true}]}}