{"id":149,"date":"2020-01-29T01:22:03","date_gmt":"2020-01-29T01:22:03","guid":{"rendered":"http:\/\/www4.rsti.net.lan\/?page_id=149"},"modified":"2023-01-09T23:26:06","modified_gmt":"2023-01-10T02:26:06","slug":"firewalls","status":"publish","type":"page","link":"https:\/\/www.rsti.net.br\/?page_id=149","title":{"rendered":"Firewalls"},"content":{"rendered":"<p><em>A fun\u00e7\u00e3o prim\u00e1ria do firewall \u00e9 permitir apenas o tr\u00e1fego autorizado de dentro da rede para fora &#8211; o que muitas vezes \u00e9 neglicenciado &#8211; e da rede aberta para dentro da empresa.<\/em><\/p>\n<p>Existem in\u00fameras solu\u00e7\u00f5es de firewall atualmente no mercado, desde propriet\u00e1rias, apenas para PC&#8217;s\/clientes internos da rede, como para servidores. Entre elas, as de c\u00f3digo aberto, audit\u00e1veis, cujo conte\u00fado pode ser esmiu\u00e7ado pelas empresas de seguran\u00e7a e engenheiros de software em busca de &#8220;furos&#8221; quase invis\u00edveis ou fragilidades inesperadas.<\/p>\n<p>A capacidade de um firewall mede-se por alguns par\u00e2metros bem conhecidos, como:<\/p>\n<ul>\n<li>Restri\u00e7\u00e3o \u00e0s configura\u00e7\u00f5es por acesso n\u00e3o autorizado,<\/li>\n<li>Quantidade de conex\u00f5es simult\u00e2neas,<\/li>\n<li>Adaptabilidade \u00e0 diferentes protocolos,<\/li>\n<li>Granularidade,<\/li>\n<li>Facilidade de manuten\u00e7\u00e3o das regras,<\/li>\n<li>Rapidez na implementa\u00e7\u00e3o de regras novas, entre outras<\/li>\n<\/ul>\n<p><img loading=\"lazy\" decoding=\"async\" class=\"alignnone wp-image-1288 size-full\" src=\"http:\/\/www.rsti.net.br\/wp-content\/uploads\/2020\/10\/opnsense-14-36-05-e1602351770749.png\" alt=\"\" width=\"800\" height=\"300\" srcset=\"https:\/\/www.rsti.net.br\/wp-content\/uploads\/2020\/10\/opnsense-14-36-05-e1602351770749.png 800w, https:\/\/www.rsti.net.br\/wp-content\/uploads\/2020\/10\/opnsense-14-36-05-e1602351770749-300x113.png 300w, https:\/\/www.rsti.net.br\/wp-content\/uploads\/2020\/10\/opnsense-14-36-05-e1602351770749-768x288.png 768w\" sizes=\"auto, (max-width: 800px) 100vw, 800px\" \/><\/p>\n<p>\u00c0s vezes pode acontecer da resposta de um firewall parecer lenta para o usu\u00e1rio de rede, mas o gargalo pode estar mais adiante, por exemplo: na largura de banda da conex\u00e3o ou do link internet. Por isso \u00e9 fundamental poder <b>dimensionar<\/b> o firewall levando em considera\u00e7\u00e3o a velocidade do link externo, a quantidade de acessos simult\u00e2neos e a capacidade de manter &#8220;viva&#8221; a conex\u00e3o \u00e0 medida que novas solicita\u00e7\u00f5es de acesso &#8220;entram&#8221; no firewall. Servi\u00e7os pesados &#8220;na nuvem&#8221; consomem muitos recursos do link tanto interno quanto externo. Servi\u00e7os em tempo real como streaming, voip, etc&#8230; tamb\u00e9m imp\u00f5e grande demanda de recursos.<\/p>\n<p>A <b>RSTI &#8211; Servidores e Servi\u00e7os Premium<\/b> fornece solu\u00e7\u00f5es de firewall de c\u00f3digo aberto\/ OpenSource com o tamanho necess\u00e1rio ao seu neg\u00f3cio, por\u00e9m e escal\u00e1veis. Nossas solu\u00e7\u00f5es de servidores dedicados s\u00e3o baseadas nos softwares <a href=\"https:\/\/www.pfsense.org\/\">pfSense<\/a>, <a href=\"https:\/\/opnsense.org\/\">OpnSense<\/a> (FreeBSD) e <a href=\"https:\/\/www.netfilter.org\/\">Iptables<\/a> (Linux). Solu\u00e7\u00f5es de roteamento e firewall em servidores compartilhados s\u00e3o baseadas nas distribui\u00e7\u00f5es Linux\u00a0 Ubuntu &#8211; \u00faltima vers\u00e3o, Debian, RedHat Enterprise ou CentOS.<\/p>\n<p><strong>Nossas solu\u00e7\u00f5es em firewall s\u00e3o implementadas usando FreeBSD e Linux<\/strong><br \/>\n<img loading=\"lazy\" decoding=\"async\" class=\"alignnone\" src=\"http:\/\/www.rsti.net.br\/wp-content\/uploads\/2020\/02\/Freebsd_logo.svg_-300x120.png\" alt=\"Freebsd_logo\" width=\"300\" height=\"120\" \/><br \/>\n<img loading=\"lazy\" decoding=\"async\" class=\"alignnone\" src=\"http:\/\/www.rsti.net.br\/wp-content\/uploads\/2021\/02\/pngwing.com_-1-150x150.png\" alt=\"\" width=\"150\" height=\"150\" \/><\/p>\n<h2>Achou algo interessante?<\/h2>\n<h5>Entre em contato para conversar com a gente sobre nossas solu\u00e7\u00f5es de firewall!<\/h5>\n<p>Para mais informa\u00e7\u00f5es<\/p>\n<a href=\"http:\/\/www.rsti.net.br\/?page_id=8\" class=\"su-button su-button-style-default\" style=\"color:#FFFFFF;background-color:#000000;border-color:#000000;border-radius:6px\" target=\"_self\"><span style=\"color:#FFFFFF;padding:0px 18px;font-size:14px;line-height:28px;border-color:#4d4d4d;border-radius:6px;text-shadow:2px 2px 1px #000000\"> entre em contato <\/span><\/a>\n","protected":false},"excerpt":{"rendered":"<p>A fun\u00e7\u00e3o prim\u00e1ria do firewall \u00e9 permitir apenas o tr\u00e1fego autorizado de dentro da rede para fora &#8211; o que muitas vezes \u00e9 neglicenciado &#8211; e da rede aberta para dentro da empresa. Existem in\u00fameras solu\u00e7\u00f5es de firewall atualmente no mercado, desde propriet\u00e1rias, apenas para PC&#8217;s\/clientes internos da rede, como para servidores. Entre elas, as&hellip; <a class=\"more-link\" href=\"https:\/\/www.rsti.net.br\/?page_id=149\">Continuar lendo <span class=\"screen-reader-text\">Firewalls<\/span><\/a><\/p>\n","protected":false},"author":1,"featured_media":0,"parent":94,"menu_order":0,"comment_status":"closed","ping_status":"closed","template":"","meta":{"_crdt_document":"","footnotes":""},"categories":[],"tags":[],"class_list":["post-149","page","type-page","status-publish","hentry","entry"],"_links":{"self":[{"href":"https:\/\/www.rsti.net.br\/index.php?rest_route=\/wp\/v2\/pages\/149","targetHints":{"allow":["GET"]}}],"collection":[{"href":"https:\/\/www.rsti.net.br\/index.php?rest_route=\/wp\/v2\/pages"}],"about":[{"href":"https:\/\/www.rsti.net.br\/index.php?rest_route=\/wp\/v2\/types\/page"}],"author":[{"embeddable":true,"href":"https:\/\/www.rsti.net.br\/index.php?rest_route=\/wp\/v2\/users\/1"}],"replies":[{"embeddable":true,"href":"https:\/\/www.rsti.net.br\/index.php?rest_route=%2Fwp%2Fv2%2Fcomments&post=149"}],"version-history":[{"count":1,"href":"https:\/\/www.rsti.net.br\/index.php?rest_route=\/wp\/v2\/pages\/149\/revisions"}],"predecessor-version":[{"id":2616,"href":"https:\/\/www.rsti.net.br\/index.php?rest_route=\/wp\/v2\/pages\/149\/revisions\/2616"}],"up":[{"embeddable":true,"href":"https:\/\/www.rsti.net.br\/index.php?rest_route=\/wp\/v2\/pages\/94"}],"wp:attachment":[{"href":"https:\/\/www.rsti.net.br\/index.php?rest_route=%2Fwp%2Fv2%2Fmedia&parent=149"}],"wp:term":[{"taxonomy":"category","embeddable":true,"href":"https:\/\/www.rsti.net.br\/index.php?rest_route=%2Fwp%2Fv2%2Fcategories&post=149"},{"taxonomy":"post_tag","embeddable":true,"href":"https:\/\/www.rsti.net.br\/index.php?rest_route=%2Fwp%2Fv2%2Ftags&post=149"}],"curies":[{"name":"wp","href":"https:\/\/api.w.org\/{rel}","templated":true}]}}