{"id":1466,"date":"2020-10-27T20:23:46","date_gmt":"2020-10-27T23:23:46","guid":{"rendered":"http:\/\/www.rsti.net.br\/?page_id=1466"},"modified":"2023-03-18T22:34:15","modified_gmt":"2023-03-19T01:34:15","slug":"servidores-recondicionados","status":"publish","type":"page","link":"https:\/\/www.rsti.net.br\/?page_id=1466","title":{"rendered":"Servidores Recondicionados"},"content":{"rendered":"\n<h3 class=\"wp-block-heading\">Com toda a garantia que voce precisa<\/h3>\n\n\n\n<figure class=\"wp-block-image is-style-default\"><img decoding=\"async\" src=\"http:\/\/www.rsti.net.br\/wp-content\/uploads\/2020\/10\/enterprise-server-poweredge-r240-module-1-pdp.jpg\" alt=\"\"\/><\/figure>\n\n\n\n<p class=\"wp-block-paragraph\"><\/p>\n\n\n\n<p class=\"wp-block-paragraph\"><\/p>\n\n\n\n<h4 class=\"wp-block-heading has-black-color has-green-background-color has-text-color has-background\">Check list<\/h4>\n\n\n\n<p class=\"wp-block-paragraph\">A primeira etapa (depois da desmontagem e limpeza completa do servidor) \u00e9 a atualiza\u00e7\u00e3o de todo o subsistema de componentes<\/p>\n\n\n\n<p class=\"wp-block-paragraph\">Alguns componentes de hardware s\u00e3o substitu\u00eddos: apresentaram defeitos durante os testes, ou sua usabilidade est\u00e1 se aproximando da obsolesc\u00eancia. Um caso frequente s\u00e3o as placas RAID com suporte para HD\u2019s de at\u00e9 2TB \u2013 muito restrito para o uso atual em aplica\u00e7\u00f5es de \u201cfile sharing\u201d ou NAS \u2013 ou placas de rede limitadas a velocidades de at\u00e9 100Mb\/s.<\/p>\n\n\n\n<figure class=\"wp-block-image\"><img decoding=\"async\" src=\"http:\/\/www.rsti.net.br\/wp-content\/uploads\/2020\/02\/20200129_132633-1-1024x576.jpg\" alt=\"Dell Poweredge R410 troca de componentes\"\/><\/figure>\n\n\n\n<p class=\"wp-block-paragraph\"><\/p>\n\n\n\n<p class=\"wp-block-paragraph\">Garantia de BIOS e Firmwares atualizados: Durante a vida do hardware o fabricante lan\u00e7a de tempos em tempos \u2013 varia dentro das especifica\u00e7\u00f5es de cada servidor e \u00e9 definido exclusivamente pela f\u00e1brica \u2013 uma nova vers\u00e3o atualizada de BIOS e firmware de partes do hardware original, como processadores, Nort e South bridges, placas de rede, RAID, etc&#8230;<\/p>\n\n\n\n<figure class=\"wp-block-image\"><img decoding=\"async\" src=\"http:\/\/www.rsti.net.br\/wp-content\/uploads\/2020\/09\/LF_Controller_firmware-update-3-e1602307187100.jpeg\" alt=\"\"\/><\/figure>\n\n\n\n<p class=\"wp-block-paragraph\"><\/p>\n\n\n\n<p class=\"wp-block-paragraph\">As atualiza\u00e7\u00f5es mais recentes dispon\u00edveis s\u00e3o instaladas, afim de permitir o uso de processadores mais r\u00e1pidos e com mais &#8220;cores&#8221;, placas de rede mais atualizadas e corre\u00e7\u00f5es nos programas de gerenciamento da plataforma de f\u00e1brica. Todo o hardware embarcado tem seu conjunto de firmware\/drivers atualizados para a vers\u00e3o mais recente dispon\u00edvel.<\/p>\n\n\n\n<figure class=\"wp-block-image\"><img decoding=\"async\" src=\"http:\/\/www.rsti.net.br\/wp-content\/uploads\/2020\/10\/raid_lsi.jpg\" alt=\"\"\/><\/figure>\n\n\n\n<p class=\"wp-block-paragraph\">Um hardware atualizado ou com mais recursos possibilita aumento de performance e seguran\u00e7a ao servi\u00e7o de rede<\/p>\n\n\n<div class=\"su-service\"><div class=\"su-service-title\" style=\"padding-left:62px;min-height:48px;line-height:48px\"><i class=\"sui sui-star\" style=\"font-size:48px;color:#ffae0d\"><\/i> A escolha \u00e9 sua<\/div><div class=\"su-service-content su-u-clearfix su-u-trim\" style=\"padding-left:62px\">Voce poder\u00e1 adquirir aqui um servidor recondicionado conforme a demanda espec\u00edfica de sua empresa, ou poder\u00e1 nos enviar seu servidor para este servi\u00e7o. \u00c9 voce quem decide, e a garantia \u00e9 a mesma!<\/div><\/div>\n","protected":false},"excerpt":{"rendered":"<p>Com toda a garantia que voce precisa Check list A primeira etapa (depois da desmontagem e limpeza completa do servidor) \u00e9 a atualiza\u00e7\u00e3o de todo o subsistema de componentes Alguns componentes de hardware s\u00e3o substitu\u00eddos: apresentaram defeitos durante os testes, ou sua usabilidade est\u00e1 se aproximando da obsolesc\u00eancia. Um caso frequente s\u00e3o as placas RAID&hellip; <a class=\"more-link\" href=\"https:\/\/www.rsti.net.br\/?page_id=1466\">Continuar lendo <span class=\"screen-reader-text\">Servidores Recondicionados<\/span><\/a><\/p>\n","protected":false},"author":1,"featured_media":0,"parent":96,"menu_order":3,"comment_status":"closed","ping_status":"closed","template":"","meta":{"_crdt_document":"","footnotes":""},"categories":[6,39],"tags":[],"class_list":["post-1466","page","type-page","status-publish","hentry","category-infraestrutura","category-servidores-recondicionados","entry"],"_links":{"self":[{"href":"https:\/\/www.rsti.net.br\/index.php?rest_route=\/wp\/v2\/pages\/1466","targetHints":{"allow":["GET"]}}],"collection":[{"href":"https:\/\/www.rsti.net.br\/index.php?rest_route=\/wp\/v2\/pages"}],"about":[{"href":"https:\/\/www.rsti.net.br\/index.php?rest_route=\/wp\/v2\/types\/page"}],"author":[{"embeddable":true,"href":"https:\/\/www.rsti.net.br\/index.php?rest_route=\/wp\/v2\/users\/1"}],"replies":[{"embeddable":true,"href":"https:\/\/www.rsti.net.br\/index.php?rest_route=%2Fwp%2Fv2%2Fcomments&post=1466"}],"version-history":[{"count":10,"href":"https:\/\/www.rsti.net.br\/index.php?rest_route=\/wp\/v2\/pages\/1466\/revisions"}],"predecessor-version":[{"id":2775,"href":"https:\/\/www.rsti.net.br\/index.php?rest_route=\/wp\/v2\/pages\/1466\/revisions\/2775"}],"up":[{"embeddable":true,"href":"https:\/\/www.rsti.net.br\/index.php?rest_route=\/wp\/v2\/pages\/96"}],"wp:attachment":[{"href":"https:\/\/www.rsti.net.br\/index.php?rest_route=%2Fwp%2Fv2%2Fmedia&parent=1466"}],"wp:term":[{"taxonomy":"category","embeddable":true,"href":"https:\/\/www.rsti.net.br\/index.php?rest_route=%2Fwp%2Fv2%2Fcategories&post=1466"},{"taxonomy":"post_tag","embeddable":true,"href":"https:\/\/www.rsti.net.br\/index.php?rest_route=%2Fwp%2Fv2%2Ftags&post=1466"}],"curies":[{"name":"wp","href":"https:\/\/api.w.org\/{rel}","templated":true}]}}