{"id":146,"date":"2020-01-29T01:20:41","date_gmt":"2020-01-29T01:20:41","guid":{"rendered":"http:\/\/www4.rsti.net.lan\/?page_id=146"},"modified":"2026-01-21T22:49:42","modified_gmt":"2026-01-22T01:49:42","slug":"storage-nas","status":"publish","type":"page","link":"https:\/\/www.rsti.net.br\/?page_id=146","title":{"rendered":"Storage \/ NAS"},"content":{"rendered":"\n<p class=\"has-drop-cap wp-block-paragraph\">O NAS &#8211; Network Attached Storage &#8211; \u00e9 uma plataforma de servidores de grande capacidade de armazenamento em rede.<br>Os servidores NAS s\u00e3o usados para armazenar e disponibilizar dados tanto como unidades de compartilhamento de arquivos (shares), como unidades dedicadas de armazenamento de grande capacidade sem compartilhamento, como &#8220;storage enclosures&#8221;.<\/p>\n\n\n\n<p class=\"wp-block-paragraph\">Cumprem comumente fun\u00e7\u00f5es de Servidores de Arquivos em redes Windows (protocolo CIFS) ou Unix (NIS), servidores de banco de dados, servidores de m\u00eddia, etc, e dada sua configura\u00e7\u00e3o robusta, tanto no quesito de gerenciamento de controles de listas de acesso, integridade de dados e link com velocidade igual ou acima de 1gb\/s, s\u00e3o configurados para oferecer um disponibilidade de acesso permanente e sem gargalos.<\/p>\n\n\n\n<figure class=\"wp-block-image size-large is-resized\"><img loading=\"lazy\" decoding=\"async\" width=\"1024\" height=\"658\" src=\"http:\/\/www.rsti.net.br\/wp-content\/uploads\/2020\/02\/abmx_2032_1_1200-1-1024x658.jpg\" alt=\"abmx_2032_1_1200\" class=\"wp-image-584\" style=\"width:512px;height:329px\" srcset=\"https:\/\/www.rsti.net.br\/wp-content\/uploads\/2020\/02\/abmx_2032_1_1200-1-1024x658.jpg 1024w, https:\/\/www.rsti.net.br\/wp-content\/uploads\/2020\/02\/abmx_2032_1_1200-1-300x193.jpg 300w, https:\/\/www.rsti.net.br\/wp-content\/uploads\/2020\/02\/abmx_2032_1_1200-1-768x493.jpg 768w, https:\/\/www.rsti.net.br\/wp-content\/uploads\/2020\/02\/abmx_2032_1_1200-1.jpg 1200w\" sizes=\"auto, (max-width: 1024px) 100vw, 1024px\" \/><\/figure>\n\n\n\n<p class=\"wp-block-paragraph\">Os \u00edtens que diferenciam os servidores NAS dos Servidores de Dados compartilhados comuns s\u00e3o:<\/p>\n\n\n\n<ul class=\"wp-block-list\">\n<li>N\u00famero maior de unidades de HD&#8217;s SAS ou SATA com grande capacidade de armazenamento (igual ou acima de 4GB cada)<\/li>\n\n\n\n<li>Solu\u00e7\u00f5es de integridade de dados em RAID por harware (placas controladoras RAID) ou Un-RAID (RAID por sofware ou pelo Sistema de Arquivos).<\/li>\n\n\n\n<li>Possibilidade de de-duplica\u00e7\u00e3o de dados entre servidores NAS<\/li>\n\n\n\n<li>Possibilidade de exporta\u00e7\u00e3o de configura\u00e7\u00f5es de arquivamento e setup para outras unidades NAS.<\/li>\n<\/ul>\n\n\n\n<figure class=\"wp-block-image size-large\"><img loading=\"lazy\" decoding=\"async\" width=\"800\" height=\"485\" src=\"http:\/\/www.rsti.net.br\/wp-content\/uploads\/2020\/02\/iXsystems-TrueCommand-Beta-Performance-Reporting.jpg\" alt=\"iXsystems-TrueCommand-Beta-Performance-Reporting\" class=\"wp-image-578\" srcset=\"https:\/\/www.rsti.net.br\/wp-content\/uploads\/2020\/02\/iXsystems-TrueCommand-Beta-Performance-Reporting.jpg 800w, https:\/\/www.rsti.net.br\/wp-content\/uploads\/2020\/02\/iXsystems-TrueCommand-Beta-Performance-Reporting-300x182.jpg 300w, https:\/\/www.rsti.net.br\/wp-content\/uploads\/2020\/02\/iXsystems-TrueCommand-Beta-Performance-Reporting-768x466.jpg 768w\" sizes=\"auto, (max-width: 800px) 100vw, 800px\" \/><figcaption class=\"wp-element-caption\">iXsystems-TrueCommand-Beta<\/figcaption><\/figure>\n\n\n\n<p class=\"wp-block-paragraph\">A RSTI trabalha com um modelo de NAS extremamente confi\u00e1vel :  TrueNAS.<br>O TrueNAS \u00e9 uma solu\u00e7\u00e3o que une sistema operacional (Debian Linux), sistema de arquivos (ZFS), e uma interface poderosa de gerenciamento. O TrueNAS est\u00e1 operando simultaneamente como solu\u00e7\u00e3o de c\u00f3digo aberto, e a empresa que mant\u00e9m este c\u00f3digo vende servidores NAS rodando TrueNAS numa vers\u00e3o comercial e com suporte. A RSTI oferece ao mercado unidades TrueNAS configuradas exatamente de acordo com a disponibilidade e necessidade do cliente atrav\u00e9s da plataforma de c\u00f3digo aberto do TrueNAS. N\u00e3o \u00e9 preciso pagar absolutamente nada em termos de licenciamento de uso dessa solu\u00e7\u00e3o, nem do servidor, nem dos clientes de rede.<\/p>\n\n\n\n<figure class=\"wp-block-image size-large\"><img loading=\"lazy\" decoding=\"async\" width=\"512\" height=\"279\" src=\"http:\/\/www.rsti.net.br\/wp-content\/uploads\/2020\/02\/StorageReview-iXsystems-FreeNAS-Mini-3_0.png\" alt=\"StorageReview-iXsystems-FreeNAS-Mini-3_0\" class=\"wp-image-580\" srcset=\"https:\/\/www.rsti.net.br\/wp-content\/uploads\/2020\/02\/StorageReview-iXsystems-FreeNAS-Mini-3_0.png 512w, https:\/\/www.rsti.net.br\/wp-content\/uploads\/2020\/02\/StorageReview-iXsystems-FreeNAS-Mini-3_0-300x163.png 300w\" sizes=\"auto, (max-width: 512px) 100vw, 512px\" \/><figcaption class=\"wp-element-caption\">StorageReview-iXsystems-FreeNAS-Mini-3_0<\/figcaption><\/figure>\n\n\n\n<p class=\"wp-block-paragraph\">A RSTI fornece:<\/p>\n\n\n\n<ul class=\"wp-block-list\">\n<li>O hardware necess\u00e1rio para voc\u00ea implementar o servidor NAS rodando TrueNAS na sua empresa,<\/li>\n\n\n\n<li>A instala\u00e7\u00e3o j\u00e1 configurada e pronta para o uso em ambiente de trabalho,<\/li>\n\n\n\n<li>O suporte inicial de 90 dias totalmente gratuito<\/li>\n\n\n\n<li>Contratos ou eventos de solicita\u00e7\u00e3o de suporte (tickets) para manuten\u00e7\u00e3o de unidades NAS para empresas sem contrato<\/li>\n<\/ul>\n\n\n\n<figure class=\"wp-block-image size-large is-resized\"><img loading=\"lazy\" decoding=\"async\" width=\"1024\" height=\"1024\" src=\"http:\/\/www.rsti.net.br\/wp-content\/uploads\/2020\/02\/freenas_11-3-1024x1024.jpeg\" alt=\"freenas_11-3\" class=\"wp-image-575\" style=\"width:285px;height:285px\" srcset=\"https:\/\/www.rsti.net.br\/wp-content\/uploads\/2020\/02\/freenas_11-3-1024x1024.jpeg 1024w, https:\/\/www.rsti.net.br\/wp-content\/uploads\/2020\/02\/freenas_11-3-300x300.jpeg 300w, https:\/\/www.rsti.net.br\/wp-content\/uploads\/2020\/02\/freenas_11-3-150x150.jpeg 150w, https:\/\/www.rsti.net.br\/wp-content\/uploads\/2020\/02\/freenas_11-3-768x768.jpeg 768w, https:\/\/www.rsti.net.br\/wp-content\/uploads\/2020\/02\/freenas_11-3-1536x1536.jpeg 1536w, https:\/\/www.rsti.net.br\/wp-content\/uploads\/2020\/02\/freenas_11-3-1568x1568.jpeg 1568w, https:\/\/www.rsti.net.br\/wp-content\/uploads\/2020\/02\/freenas_11-3.jpeg 1800w\" sizes=\"auto, (max-width: 1024px) 100vw, 1024px\" \/><figcaption class=\"wp-element-caption\">freenas_11-3<\/figcaption><\/figure>\n\n\n<div class=\"su-box su-box-style-default\" id=\"\" style=\"border-color:#000000;border-radius:3px;\"><div class=\"su-box-title\" style=\"background-color:#333333;color:#FFFFFF;border-top-left-radius:1px;border-top-right-radius:1px\"><\/div><div class=\"su-box-content su-u-clearfix su-u-trim\" style=\"border-bottom-left-radius:1px;border-bottom-right-radius:1px\">Entre em contato para conhecer as diversas configura\u00e7\u00f5es dispon\u00edveis em servidores NAS ou pedir uma demonstra\u00e7\u00e3o exclusiva para sua empresa.<\/div><\/div>\n\n\n\n<figure class=\"wp-block-image size-large\"><img loading=\"lazy\" decoding=\"async\" width=\"490\" height=\"227\" src=\"http:\/\/www.rsti.net.br\/wp-content\/uploads\/2020\/02\/QNAP-Silently-Intros-Two-1U-Rack-Mountable-NAS-Servers-2.jpg\" alt=\"QNAP-Silently-Intros-Two-1U-Rack-Mountable-NAS-Servers-2\" class=\"wp-image-579\" srcset=\"https:\/\/www.rsti.net.br\/wp-content\/uploads\/2020\/02\/QNAP-Silently-Intros-Two-1U-Rack-Mountable-NAS-Servers-2.jpg 490w, https:\/\/www.rsti.net.br\/wp-content\/uploads\/2020\/02\/QNAP-Silently-Intros-Two-1U-Rack-Mountable-NAS-Servers-2-300x139.jpg 300w\" sizes=\"auto, (max-width: 490px) 100vw, 490px\" \/><figcaption class=\"wp-element-caption\">1U-Rack-Mountable-NAS-Servers<\/figcaption><\/figure>\n\n\n\n<p class=\"wp-block-paragraph\"><\/p>\n","protected":false},"excerpt":{"rendered":"<p>O NAS &#8211; Network Attached Storage &#8211; \u00e9 uma plataforma de servidores de grande capacidade de armazenamento em rede.Os servidores NAS s\u00e3o usados para armazenar e disponibilizar dados tanto como unidades de compartilhamento de arquivos (shares), como unidades dedicadas de armazenamento de grande capacidade sem compartilhamento, como &#8220;storage enclosures&#8221;. Cumprem comumente fun\u00e7\u00f5es de Servidores de&hellip; <a class=\"more-link\" href=\"https:\/\/www.rsti.net.br\/?page_id=146\">Continuar lendo <span class=\"screen-reader-text\">Storage \/ NAS<\/span><\/a><\/p>\n","protected":false},"author":1,"featured_media":0,"parent":94,"menu_order":0,"comment_status":"closed","ping_status":"closed","template":"","meta":{"_crdt_document":"","footnotes":""},"categories":[12],"tags":[],"class_list":["post-146","page","type-page","status-publish","hentry","category-serv_nas","entry"],"_links":{"self":[{"href":"https:\/\/www.rsti.net.br\/index.php?rest_route=\/wp\/v2\/pages\/146","targetHints":{"allow":["GET"]}}],"collection":[{"href":"https:\/\/www.rsti.net.br\/index.php?rest_route=\/wp\/v2\/pages"}],"about":[{"href":"https:\/\/www.rsti.net.br\/index.php?rest_route=\/wp\/v2\/types\/page"}],"author":[{"embeddable":true,"href":"https:\/\/www.rsti.net.br\/index.php?rest_route=\/wp\/v2\/users\/1"}],"replies":[{"embeddable":true,"href":"https:\/\/www.rsti.net.br\/index.php?rest_route=%2Fwp%2Fv2%2Fcomments&post=146"}],"version-history":[{"count":1,"href":"https:\/\/www.rsti.net.br\/index.php?rest_route=\/wp\/v2\/pages\/146\/revisions"}],"predecessor-version":[{"id":2879,"href":"https:\/\/www.rsti.net.br\/index.php?rest_route=\/wp\/v2\/pages\/146\/revisions\/2879"}],"up":[{"embeddable":true,"href":"https:\/\/www.rsti.net.br\/index.php?rest_route=\/wp\/v2\/pages\/94"}],"wp:attachment":[{"href":"https:\/\/www.rsti.net.br\/index.php?rest_route=%2Fwp%2Fv2%2Fmedia&parent=146"}],"wp:term":[{"taxonomy":"category","embeddable":true,"href":"https:\/\/www.rsti.net.br\/index.php?rest_route=%2Fwp%2Fv2%2Fcategories&post=146"},{"taxonomy":"post_tag","embeddable":true,"href":"https:\/\/www.rsti.net.br\/index.php?rest_route=%2Fwp%2Fv2%2Ftags&post=146"}],"curies":[{"name":"wp","href":"https:\/\/api.w.org\/{rel}","templated":true}]}}