{"id":117,"date":"2020-01-27T21:40:25","date_gmt":"2020-01-27T21:40:25","guid":{"rendered":"http:\/\/www4.rsti.net.lan\/?p=117"},"modified":"2022-11-14T17:45:14","modified_gmt":"2022-11-14T20:45:14","slug":"hpe-proliant-dl380-gen10","status":"publish","type":"page","link":"https:\/\/www.rsti.net.br\/?page_id=117","title":{"rendered":"HP Proliant"},"content":{"rendered":"\n<figure class=\"wp-block-image size-large\"><img decoding=\"async\" src=\"http:\/\/www.rsti.net.br\/wp-content\/uploads\/2020\/03\/PUB-16382-CloudSVT380Gen10-scaled-e1604023803598-1024x547.jpg\" alt=\"\"\/><\/figure>\n\n\n\n<h4 class=\"wp-block-heading\">Qual \u00e9 o gargalo do seu servidor?<\/h4>\n\n\n\n<h3 class=\"wp-block-heading\">Armazenamento<\/h3>\n\n\n\n<p class=\"wp-block-paragraph\">Ele \u00e9 compat\u00edvel com SAS de 12 Gb\/s e at\u00e9 20 unidades NVMe, al\u00e9m de uma vasta gama de op\u00e7\u00f5es de computa\u00e7\u00e3o.<\/p>\n\n\n\n<h3 class=\"wp-block-heading\">Computa\u00e7\u00e3o<\/h3>\n\n\n\n<p class=\"wp-block-paragraph\">O servidor HPE ProLiant DL380 Gen10 foi projetado com seguran\u00e7a para reduzir custos e complexidade, contando com a fam\u00edlia de processadores escal\u00e1veis Intel\u00ae Xeon\u00ae de primeira e segunda gera\u00e7\u00f5es com um ganho de desempenho de at\u00e9 60%1 e um aumento de 27% de n\u00facleos.<\/p>\n\n\n\n<h3 class=\"wp-block-heading\">Expans\u00e3o<\/h3>\n\n\n\n<p class=\"wp-block-paragraph\">HPE SmartMemory DDR4 de 2.933 MT\/s compat\u00edvel com 3,0 TB. A Mem\u00f3ria persistente HPE oferece n\u00edveis sem precedentes de desempenho para bancos de dados e cargas de trabalho anal\u00edticas. Tudo funciona nele, desde os aplicativos mais b\u00e1sicos at\u00e9 os de miss\u00e3o cr\u00edtica, podendo ser implantado com confian\u00e7a.<\/p>\n\n\n\n<h4 class=\"wp-block-heading\">Recursos<\/h4>\n\n\n<p>Um design flex\u00edvel, para seu investimento se expandir conforme as necessidades da empresa cres\u00e7am<\/p>\n<p>\u00a0<\/p>\n\n\n<p class=\"wp-block-paragraph\">O servidor HPE ProLiant DL380 Gen10 tem um chassi adapt\u00e1vel, incluindo novas op\u00e7\u00f5es de configura\u00e7\u00e3o de compartimento de unidade modular da Hewlett Packard Enterprise com at\u00e9 30 unidades SFF, at\u00e9 19 LFF ou at\u00e9 20 NVMe, juntamente com suporte para at\u00e9 tr\u00eas op\u00e7\u00f5es de GPU de largura dupla.<\/p>\n\n\n\n<p class=\"wp-block-paragraph\">A mem\u00f3ria persistente HPE funciona com DRAM para oferecer mem\u00f3ria r\u00e1pida de alta capacidade e econ\u00f4mica, e armazenamento para transformar cargas de trabalho e an\u00e1lise de big data ao permitir que os dados sejam armazenados, movimentados e processados com rapidez.<\/p>\n\n\n\n<p class=\"wp-block-paragraph\">Em conjunto com a Controladora de Array Inteligente Din\u00e2mico HPE S100i SATA integrada, para as necessidades de inicializa\u00e7\u00e3o, dados e m\u00eddia, as reprojetadas Controladoras de Array Inteligente HPE oferecem flexibilidade para escolher a controladora de 12Gb\/s mais adequada ao seu ambiente e operar nos modos SAS e HBA.<\/p>\n\n\n\n<p class=\"wp-block-paragraph\">Juntamente ao 4x1GbE integrado, voc\u00ea pode optar por adaptadores independentes HPE FlexibleLOM ou PCIe, oferecendo flexibilidade de largura de banda (1GbE a 40GbE) e malha de rede, para que voc\u00ea possa crescer e se adaptar \u00e0s mudan\u00e7as nas necessidades dos neg\u00f3cios.<\/p>\n\n\n\n<p>Alta disponibilidade e resali\u00eancia<\/p><p>O HPE Proliant DL 380i \u00e9 um servidor de miss\u00e3o cr\u00edtica que prov\u00ea toda seguran\u00e7a que sua empresa necessita, adicionando mais tempo dispon\u00edvel pra voc\u00ea gastar com voc\u00ea mesmo, ao inv\u00e9s de se preocupar com infraestrutura de rede.<\/p>\n\n\n\n<figure class=\"wp-block-image size-large\"><img loading=\"lazy\" decoding=\"async\" width=\"1024\" height=\"684\" src=\"http:\/\/www.rsti.net.br\/wp-content\/uploads\/2020\/03\/daniil-lobachev-zZ39jRb4K1g-unsplash-1024x684.jpg\" alt=\"\" class=\"wp-image-887\" srcset=\"https:\/\/www.rsti.net.br\/wp-content\/uploads\/2020\/03\/daniil-lobachev-zZ39jRb4K1g-unsplash-1024x684.jpg 1024w, https:\/\/www.rsti.net.br\/wp-content\/uploads\/2020\/03\/daniil-lobachev-zZ39jRb4K1g-unsplash-300x200.jpg 300w, https:\/\/www.rsti.net.br\/wp-content\/uploads\/2020\/03\/daniil-lobachev-zZ39jRb4K1g-unsplash-768x513.jpg 768w, https:\/\/www.rsti.net.br\/wp-content\/uploads\/2020\/03\/daniil-lobachev-zZ39jRb4K1g-unsplash-1536x1025.jpg 1536w, https:\/\/www.rsti.net.br\/wp-content\/uploads\/2020\/03\/daniil-lobachev-zZ39jRb4K1g-unsplash-2048x1367.jpg 2048w, https:\/\/www.rsti.net.br\/wp-content\/uploads\/2020\/03\/daniil-lobachev-zZ39jRb4K1g-unsplash-1568x1047.jpg 1568w\" sizes=\"auto, (max-width: 1024px) 100vw, 1024px\" \/><figcaption class=\"wp-element-caption\">Photo by Daniil Lobachev on Unsplash<\/figcaption><\/figure>\n\n\n\n<p class=\"orange-message wp-block-paragraph\">Para conhecer melhor esta solu\u00e7\u00e3o, <a href=\"http:\/\/www.rsti.net.br\/?page_id=8\" data-type=\"page\" data-id=\"8\">entre em contato<\/a><\/p>\n","protected":false},"excerpt":{"rendered":"<p>Apresenta\u00e7\u00e3o HPE Proliant DL380 Gen10<\/p>\n","protected":false},"author":1,"featured_media":0,"parent":143,"menu_order":0,"comment_status":"open","ping_status":"closed","template":"","meta":{"_crdt_document":"","footnotes":""},"categories":[6,14],"tags":[],"class_list":["post-117","page","type-page","status-publish","hentry","category-infraestrutura","category-serv_premium","entry"],"_links":{"self":[{"href":"https:\/\/www.rsti.net.br\/index.php?rest_route=\/wp\/v2\/pages\/117","targetHints":{"allow":["GET"]}}],"collection":[{"href":"https:\/\/www.rsti.net.br\/index.php?rest_route=\/wp\/v2\/pages"}],"about":[{"href":"https:\/\/www.rsti.net.br\/index.php?rest_route=\/wp\/v2\/types\/page"}],"author":[{"embeddable":true,"href":"https:\/\/www.rsti.net.br\/index.php?rest_route=\/wp\/v2\/users\/1"}],"replies":[{"embeddable":true,"href":"https:\/\/www.rsti.net.br\/index.php?rest_route=%2Fwp%2Fv2%2Fcomments&post=117"}],"version-history":[{"count":0,"href":"https:\/\/www.rsti.net.br\/index.php?rest_route=\/wp\/v2\/pages\/117\/revisions"}],"up":[{"embeddable":true,"href":"https:\/\/www.rsti.net.br\/index.php?rest_route=\/wp\/v2\/pages\/143"}],"wp:attachment":[{"href":"https:\/\/www.rsti.net.br\/index.php?rest_route=%2Fwp%2Fv2%2Fmedia&parent=117"}],"wp:term":[{"taxonomy":"category","embeddable":true,"href":"https:\/\/www.rsti.net.br\/index.php?rest_route=%2Fwp%2Fv2%2Fcategories&post=117"},{"taxonomy":"post_tag","embeddable":true,"href":"https:\/\/www.rsti.net.br\/index.php?rest_route=%2Fwp%2Fv2%2Ftags&post=117"}],"curies":[{"name":"wp","href":"https:\/\/api.w.org\/{rel}","templated":true}]}}