{"id":1093,"date":"2020-09-16T14:03:51","date_gmt":"2020-09-16T17:03:51","guid":{"rendered":"http:\/\/www.rsti.net.br\/?page_id=1093"},"modified":"2023-03-17T18:48:30","modified_gmt":"2023-03-17T21:48:30","slug":"cloud-containers-virtualizacao","status":"publish","type":"page","link":"https:\/\/www.rsti.net.br\/?page_id=1093","title":{"rendered":"Cloud, Containers e Virtualiza\u00e7\u00e3o"},"content":{"rendered":"\n<p class=\"wp-block-paragraph\">A RSTI tem migrado servi\u00e7os de rede tradicionais para a plataforma de containers KVM-LXC do Linux em seus pr\u00f3prios servidores  e de terceiros, em nuvem p\u00fablica e privada. Os ganhos em termos de performance, economia de recursos, disponibilidade e seguran\u00e7a tem sido surpreendentes.<\/p>\n\n\n\n<p class=\"wp-block-paragraph\">A escolha da plataforma de virtualiza\u00e7\u00e3o KVM\/LXC de containers do Linux, a plataforma Docker e o gerenciamento de ambientes com Proxmox em n\u00favem h\u00edbrida \u00e9 o que tem tido maior ades\u00e3o entre os clientes.<\/p>\n\n\n\n<p class=\"wp-block-paragraph\"> Estas solu\u00e7\u00f5es tem um longo hist\u00f3rico de sucesso, est\u00e3o em desenvolvimento permanente  com adi\u00e7\u00e3o de novas funcionalidades e s\u00e3o bem documentadas. S\u00e3o baseadas em c\u00f3digo aberto &#8211; open source &#8211; e por isso, transmitindo uma sensa\u00e7\u00e3o de transpar\u00eancia inigual\u00e1vel. Al\u00e9m disso: <\/p>\n\n\n\n<ul class=\"wp-block-list\">\n<li>Suporta processos de backup automatizados e manuais.<\/li>\n\n\n\n<li>permite executar recupera\u00e7\u00e3o granular de dados ou recupera\u00e7\u00e3o de dados em massa, dependendo de suas necessidades.<\/li>\n\n\n\n<li>pode armazenar seus dados de backup em v\u00e1rios dispositivos ou locais &#8211; por exemplo na nuvem p\u00fablica &#8211; como uma camada adicional de prote\u00e7\u00e3o.<\/li>\n\n\n\n<li>vem com ferramentas de seguran\u00e7a integradas, como prote\u00e7\u00e3o de criptografia e ransomware.<\/li>\n\n\n\n<li>tem a capacidade de compactar dados para que seus backups n\u00e3o ocupem muito espa\u00e7o de armazenamento.<\/li>\n\n\n\n<li>\u00e9 compat\u00edvel com o seu sistema operacional.<\/li>\n<\/ul>\n\n\n\n<figure class=\"wp-block-pullquote\"><blockquote><p><\/p><cite>Os ganhos em termos de performance, economia de recursos, disponibilidade e seguran\u00e7a tem sido surpreendentes. <\/cite><\/blockquote><\/figure>\n\n\n\n<p class=\"wp-block-paragraph\"><\/p>\n\n\n\n<p class=\"wp-block-paragraph\">Em Setembro\/2020 nosso laborat\u00f3rio migrou seus pr\u00f3prios servidores (de email &#8211; imap e smtp, DNS, webservices &#8211; http e https &#8211;  e bancos de dados) para uma plataforma cloud h\u00edbrida configurada por n\u00f3s e houve um ganho de performance e economia de recursos &#8211; tanto de mem\u00f3ria quanto de poder de processamento &#8211; not\u00e1veis.<\/p>\n\n\n\n<p class=\"wp-block-paragraph\">Os servidores imap foram desmembrados em dois containers independentes, o primeiro rodando o servidor imap propriamente dito, para transa\u00e7\u00e3o com caixas de correio e autentica\u00e7\u00e3o local e remota  por SSL\/Auth. Uma  segunda inst\u00e2ncia  foi configurado para tratamento de conte\u00fado &#8211; anti-spam e antivirus &#8211; negociando a aceita\u00e7\u00e3o de mensagens diretamente com o servidor smtp &#8211; rodando numa terceira inst\u00e2ncia de container &#8211; havendo ainda o servi\u00e7os smtpd linkados a um outro container para valida\u00e7\u00e3o de remetentes e servidores pelos protocolos DNSSEC e entradas DKIM \/DMARC.<\/p>\n\n\n\n<figure class=\"wp-block-image size-full\"><img loading=\"lazy\" decoding=\"async\" width=\"640\" height=\"366\" src=\"http:\/\/www.rsti.net.br\/wp-content\/uploads\/2020\/10\/cloud-computing-2-e1602205877791.png\" alt=\"\" class=\"wp-image-1254\" srcset=\"https:\/\/www.rsti.net.br\/wp-content\/uploads\/2020\/10\/cloud-computing-2-e1602205877791.png 640w, https:\/\/www.rsti.net.br\/wp-content\/uploads\/2020\/10\/cloud-computing-2-e1602205877791-300x172.png 300w\" sizes=\"auto, (max-width: 640px) 100vw, 640px\" \/><\/figure>\n\n\n\n<p class=\"wp-block-paragraph\">Nosso servidor web, onde rodam v\u00e1rios sites da empresa ( e que possibilitam a voc\u00ea acessar o presente  conte\u00fado ), o servi\u00e7o de suporte corporativo e outros sites da RSTI, foram &#8220;desacoplados&#8221; em inst\u00e2ncias distintas por containers: uma para prover conte\u00fado das p\u00e1ginas (Apache Web Server), outra encarregada do banco de dados (MariaDB) e uma terceira sendo o servidor de cache com Redis.<\/p>\n\n\n\n<p class=\"wp-block-paragraph\">Configuramos ainda um outro container dedicado para <strong>Rede Privada Virtual<\/strong> -VPN, gerenciados diretamente atrav\u00e9s do servidor LXC\/KVM &#8211; hypervisor- rodando Proxmox 7.2.<\/p>\n\n\n\n<p class=\"wp-block-paragraph\">Nos testes que realizamos conseguimos restabelecer a \u00faltima inst\u00e2ncia de um  container por LXC em apenas 3 minutos, atrav\u00e9s da inst\u00e2ncia salva numa m\u00e1quina backup dedicada.<\/p>\n\n\n\n<p class=\"orange-message wp-block-paragraph\">Para conhecer melhor esta solu\u00e7\u00e3o, <a href=\"http:\/\/www.rsti.net.br\/?page_id=8\" data-type=\"page\" data-id=\"8\">entre em contato<\/a><\/p>\n\n\n\n<p class=\"wp-block-paragraph\"><\/p>\n","protected":false},"excerpt":{"rendered":"<p>A RSTI tem migrado servi\u00e7os de rede tradicionais para a plataforma de containers KVM-LXC do Linux em seus pr\u00f3prios servidores e de terceiros, em nuvem p\u00fablica e privada. Os ganhos em termos de performance, economia de recursos, disponibilidade e seguran\u00e7a tem sido surpreendentes. A escolha da plataforma de virtualiza\u00e7\u00e3o KVM\/LXC de containers do Linux, a&hellip; <a class=\"more-link\" href=\"https:\/\/www.rsti.net.br\/?page_id=1093\">Continuar lendo <span class=\"screen-reader-text\">Cloud, Containers e Virtualiza\u00e7\u00e3o<\/span><\/a><\/p>\n","protected":false},"author":1,"featured_media":0,"parent":0,"menu_order":2,"comment_status":"closed","ping_status":"closed","template":"","meta":{"_crdt_document":"","footnotes":""},"categories":[73],"tags":[],"class_list":["post-1093","page","type-page","status-publish","hentry","category-solucoes-em-nuvem","entry"],"_links":{"self":[{"href":"https:\/\/www.rsti.net.br\/index.php?rest_route=\/wp\/v2\/pages\/1093","targetHints":{"allow":["GET"]}}],"collection":[{"href":"https:\/\/www.rsti.net.br\/index.php?rest_route=\/wp\/v2\/pages"}],"about":[{"href":"https:\/\/www.rsti.net.br\/index.php?rest_route=\/wp\/v2\/types\/page"}],"author":[{"embeddable":true,"href":"https:\/\/www.rsti.net.br\/index.php?rest_route=\/wp\/v2\/users\/1"}],"replies":[{"embeddable":true,"href":"https:\/\/www.rsti.net.br\/index.php?rest_route=%2Fwp%2Fv2%2Fcomments&post=1093"}],"version-history":[{"count":6,"href":"https:\/\/www.rsti.net.br\/index.php?rest_route=\/wp\/v2\/pages\/1093\/revisions"}],"predecessor-version":[{"id":2634,"href":"https:\/\/www.rsti.net.br\/index.php?rest_route=\/wp\/v2\/pages\/1093\/revisions\/2634"}],"wp:attachment":[{"href":"https:\/\/www.rsti.net.br\/index.php?rest_route=%2Fwp%2Fv2%2Fmedia&parent=1093"}],"wp:term":[{"taxonomy":"category","embeddable":true,"href":"https:\/\/www.rsti.net.br\/index.php?rest_route=%2Fwp%2Fv2%2Fcategories&post=1093"},{"taxonomy":"post_tag","embeddable":true,"href":"https:\/\/www.rsti.net.br\/index.php?rest_route=%2Fwp%2Fv2%2Ftags&post=1093"}],"curies":[{"name":"wp","href":"https:\/\/api.w.org\/{rel}","templated":true}]}}