{"id":105,"date":"2020-01-27T19:03:41","date_gmt":"2020-01-27T19:03:41","guid":{"rendered":"http:\/\/www4.rsti.net.lan\/?p=105"},"modified":"2023-03-18T23:27:30","modified_gmt":"2023-03-19T02:27:30","slug":"dell-emc-series-t","status":"publish","type":"page","link":"https:\/\/www.rsti.net.br\/?page_id=105","title":{"rendered":"Dell EMC &#8220;T&#8221; Series"},"content":{"rendered":"\n<div class=\"wp-block-media-text alignwide is-stacked-on-mobile is-vertically-aligned-center\"><figure class=\"wp-block-media-text__media\"><img loading=\"lazy\" decoding=\"async\" width=\"600\" height=\"600\" src=\"http:\/\/www.rsti.net.br\/wp-content\/uploads\/2022\/11\/dell\/T140-2.jpg\" alt=\"\" class=\"wp-image-2348 size-full\" srcset=\"https:\/\/www.rsti.net.br\/wp-content\/uploads\/2022\/11\/dell\/T140-2.jpg 600w, https:\/\/www.rsti.net.br\/wp-content\/uploads\/2022\/11\/dell\/T140-2-300x300.jpg 300w, https:\/\/www.rsti.net.br\/wp-content\/uploads\/2022\/11\/dell\/T140-2-150x150.jpg 150w\" sizes=\"auto, (max-width: 600px) 100vw, 600px\" \/><\/figure><div class=\"wp-block-media-text__content\">\n<p class=\"grey-message has-normal-font-size wp-block-paragraph\">Seu servidor pr\u00e1tico de n\u00edvel b\u00e1sico<\/p>\n\n\n\n<p class=\"wp-block-paragraph\">O Dell EMC PowerEdge T140 permite que voc\u00ea se concentre nos seus neg\u00f3cios. Por isso, oferecemos um servidor empresarial pr\u00e1tico de n\u00edvel b\u00e1sico. Organize seus dados em um \u00fanico reposit\u00f3rio de dados central.<\/p>\n<\/div><\/div>\n\n\n\n<p class=\"wp-block-paragraph\">O T140 permite atender \u00e0s demandas de cargas de trabalho empresariais comuns de maneira acess\u00edvel. Ideal para aplicativos empresariais, como: Arquivos e impress\u00e3o, E-mail e mensagens, Ponto de venda, Finan\u00e7as.<\/p>\n\n\n\n<p class=\"orange-message wp-block-paragraph\">Para conhecer melhor esta solu\u00e7\u00e3o, <a href=\"http:\/\/www.rsti.net.br\/?page_id=8\" data-type=\"page\" data-id=\"8\">entre em contato<\/a><\/p>\n","protected":false},"excerpt":{"rendered":"<p>Seu servidor pr\u00e1tico de n\u00edvel b\u00e1sico O Dell EMC PowerEdge T140 permite que voc\u00ea se concentre nos seus neg\u00f3cios. Por isso, oferecemos um servidor empresarial pr\u00e1tico de n\u00edvel b\u00e1sico. Organize seus dados em um \u00fanico reposit\u00f3rio de dados central. O T140 permite atender \u00e0s demandas de cargas de trabalho empresariais comuns de maneira acess\u00edvel. Ideal&hellip; <a class=\"more-link\" href=\"https:\/\/www.rsti.net.br\/?page_id=105\">Continuar lendo <span class=\"screen-reader-text\">Dell EMC &#8220;T&#8221; Series<\/span><\/a><\/p>\n","protected":false},"author":1,"featured_media":888,"parent":141,"menu_order":0,"comment_status":"closed","ping_status":"closed","template":"","meta":{"_crdt_document":"","footnotes":""},"categories":[6,13],"tags":[15],"class_list":["post-105","page","type-page","status-publish","has-post-thumbnail","hentry","category-infraestrutura","category-servidores_pme","tag-dell-emc-series-t","entry"],"_links":{"self":[{"href":"https:\/\/www.rsti.net.br\/index.php?rest_route=\/wp\/v2\/pages\/105","targetHints":{"allow":["GET"]}}],"collection":[{"href":"https:\/\/www.rsti.net.br\/index.php?rest_route=\/wp\/v2\/pages"}],"about":[{"href":"https:\/\/www.rsti.net.br\/index.php?rest_route=\/wp\/v2\/types\/page"}],"author":[{"embeddable":true,"href":"https:\/\/www.rsti.net.br\/index.php?rest_route=\/wp\/v2\/users\/1"}],"replies":[{"embeddable":true,"href":"https:\/\/www.rsti.net.br\/index.php?rest_route=%2Fwp%2Fv2%2Fcomments&post=105"}],"version-history":[{"count":1,"href":"https:\/\/www.rsti.net.br\/index.php?rest_route=\/wp\/v2\/pages\/105\/revisions"}],"predecessor-version":[{"id":2802,"href":"https:\/\/www.rsti.net.br\/index.php?rest_route=\/wp\/v2\/pages\/105\/revisions\/2802"}],"up":[{"embeddable":true,"href":"https:\/\/www.rsti.net.br\/index.php?rest_route=\/wp\/v2\/pages\/141"}],"wp:featuredmedia":[{"embeddable":true,"href":"https:\/\/www.rsti.net.br\/index.php?rest_route=\/wp\/v2\/media\/888"}],"wp:attachment":[{"href":"https:\/\/www.rsti.net.br\/index.php?rest_route=%2Fwp%2Fv2%2Fmedia&parent=105"}],"wp:term":[{"taxonomy":"category","embeddable":true,"href":"https:\/\/www.rsti.net.br\/index.php?rest_route=%2Fwp%2Fv2%2Fcategories&post=105"},{"taxonomy":"post_tag","embeddable":true,"href":"https:\/\/www.rsti.net.br\/index.php?rest_route=%2Fwp%2Fv2%2Ftags&post=105"}],"curies":[{"name":"wp","href":"https:\/\/api.w.org\/{rel}","templated":true}]}}