{"id":103,"date":"2020-01-27T19:00:04","date_gmt":"2020-01-27T22:00:04","guid":{"rendered":"http:\/\/www4.rsti.net.lan\/?p=103"},"modified":"2023-03-18T23:22:00","modified_gmt":"2023-03-19T02:22:00","slug":"lenovo-thinksystems","status":"publish","type":"page","link":"https:\/\/www.rsti.net.br\/?page_id=103","title":{"rendered":"Lenovo ThinkSystem"},"content":{"rendered":"\n<p class=\"wp-block-paragraph\"><\/p>\n\n\n\n<p class=\"wp-block-paragraph\">PEQUENAS EMPRESAS <\/p>\n\n\n\n<p class=\"wp-block-paragraph\">Servidores de ENTRADA  com toda a garantia e robustez que voce precisa. <\/p>\n\n\n\n<p class=\"wp-block-paragraph\"><\/p>\n\n\n\n<figure class=\"wp-block-image size-full is-resized\"><img loading=\"lazy\" decoding=\"async\" src=\"http:\/\/www.rsti.net.br\/wp-content\/uploads\/2023\/03\/lenovo_think_02.jpg\" alt=\"\" class=\"wp-image-2777\" width=\"600\" height=\"450\" srcset=\"https:\/\/www.rsti.net.br\/wp-content\/uploads\/2023\/03\/lenovo_think_02.jpg 800w, https:\/\/www.rsti.net.br\/wp-content\/uploads\/2023\/03\/lenovo_think_02-300x225.jpg 300w, https:\/\/www.rsti.net.br\/wp-content\/uploads\/2023\/03\/lenovo_think_02-768x576.jpg 768w\" sizes=\"auto, (max-width: 600px) 100vw, 600px\" \/><\/figure>\n\n\n\n<div class=\"wp-block-columns alignwide is-layout-flex wp-container-core-columns-is-layout-8f761849 wp-block-columns-is-layout-flex\">\n<div class=\"wp-block-column has-green-background-color has-background is-layout-flow wp-block-column-is-layout-flow\" style=\"padding-top:var(--wp--preset--spacing--30);padding-right:var(--wp--preset--spacing--30);padding-bottom:var(--wp--preset--spacing--30);padding-left:var(--wp--preset--spacing--30)\">\n<p class=\"has-text-color wp-block-paragraph\" style=\"color:#000000\">Os Servidores de entrada Lenovo Think System &#8220;ST Series&#8221; fornecem toda seguran\u00e7a que sua empresa necessita, adicionando mais tempo dispon\u00edvel pra voc\u00ea gastar com voc\u00ea mesmo, ao inv\u00e9s de se preocupar com infraestrutura de rede.<\/p>\n\n\n\n<pre class=\"wp-block-preformatted\"><\/pre>\n<\/div>\n\n\n\n<div class=\"wp-block-column is-layout-flow wp-block-column-is-layout-flow\">\n<p class=\"has-yellow-background-color has-background wp-block-paragraph\">Oferecemos v\u00e1rias op\u00e7\u00f5es pr\u00e9-configuradas para voce escolher a que melhor se encaixa nas suas necessidades e or\u00e7amento.<br>Servidores de alto desempenho dimensionados para o seu porte e<br>extens\u00edveis, capazes de acompanhar seu crescimento.<br>\ufeff<\/p>\n<\/div>\n\n\n\n<div class=\"wp-block-column is-layout-flow wp-block-column-is-layout-flow\">\n<p class=\"has-green-background-color has-background wp-block-paragraph\">Servidores torre de entrada de um soquete, com 1U at\u00e9 4U de altura, compacto e acess\u00edvel, otimizada para PME, Escrit\u00f3rios Remotos \/ Filiais, Grupos de Trabalho, Grupos Departamentais e Escrit\u00f3rios Pequenos\/Residenciais<\/p>\n<\/div>\n<\/div>\n\n\n\n<div style=\"height:40px\" aria-hidden=\"true\" class=\"wp-block-spacer\"><\/div>\n\n\n\n<hr class=\"wp-block-separator has-alpha-channel-opacity is-style-twentytwentyone-separator-thick\"\/>\n\n\n\n<div class=\"wp-block-buttons is-content-justification-center is-layout-flex wp-container-core-buttons-is-layout-fe48e5de wp-block-buttons-is-layout-flex\">\n<div class=\"wp-block-button\"><a class=\"wp-block-button__link wp-element-button\" href=\"http:\/\/www.rsti.net.br\/?page_id=8\">Contato<\/a><\/div>\n<\/div>\n","protected":false},"excerpt":{"rendered":"<p>PEQUENAS EMPRESAS Servidores de ENTRADA com toda a garantia e robustez que voce precisa. Os Servidores de entrada Lenovo Think System &#8220;ST Series&#8221; fornecem toda seguran\u00e7a que sua empresa necessita, adicionando mais tempo dispon\u00edvel pra voc\u00ea gastar com voc\u00ea mesmo, ao inv\u00e9s de se preocupar com infraestrutura de rede. Oferecemos v\u00e1rias op\u00e7\u00f5es pr\u00e9-configuradas para voce&hellip; <a class=\"more-link\" href=\"https:\/\/www.rsti.net.br\/?page_id=103\">Continuar lendo <span class=\"screen-reader-text\">Lenovo ThinkSystem<\/span><\/a><\/p>\n","protected":false},"author":1,"featured_media":0,"parent":96,"menu_order":0,"comment_status":"closed","ping_status":"closed","template":"","meta":{"_crdt_document":"","footnotes":""},"categories":[6,13],"tags":[16],"class_list":["post-103","page","type-page","status-publish","hentry","category-infraestrutura","category-servidores_pme","tag-servidores-pme-lenovo-thinksystems-ts50","entry"],"_links":{"self":[{"href":"https:\/\/www.rsti.net.br\/index.php?rest_route=\/wp\/v2\/pages\/103","targetHints":{"allow":["GET"]}}],"collection":[{"href":"https:\/\/www.rsti.net.br\/index.php?rest_route=\/wp\/v2\/pages"}],"about":[{"href":"https:\/\/www.rsti.net.br\/index.php?rest_route=\/wp\/v2\/types\/page"}],"author":[{"embeddable":true,"href":"https:\/\/www.rsti.net.br\/index.php?rest_route=\/wp\/v2\/users\/1"}],"replies":[{"embeddable":true,"href":"https:\/\/www.rsti.net.br\/index.php?rest_route=%2Fwp%2Fv2%2Fcomments&post=103"}],"version-history":[{"count":13,"href":"https:\/\/www.rsti.net.br\/index.php?rest_route=\/wp\/v2\/pages\/103\/revisions"}],"predecessor-version":[{"id":2800,"href":"https:\/\/www.rsti.net.br\/index.php?rest_route=\/wp\/v2\/pages\/103\/revisions\/2800"}],"up":[{"embeddable":true,"href":"https:\/\/www.rsti.net.br\/index.php?rest_route=\/wp\/v2\/pages\/96"}],"wp:attachment":[{"href":"https:\/\/www.rsti.net.br\/index.php?rest_route=%2Fwp%2Fv2%2Fmedia&parent=103"}],"wp:term":[{"taxonomy":"category","embeddable":true,"href":"https:\/\/www.rsti.net.br\/index.php?rest_route=%2Fwp%2Fv2%2Fcategories&post=103"},{"taxonomy":"post_tag","embeddable":true,"href":"https:\/\/www.rsti.net.br\/index.php?rest_route=%2Fwp%2Fv2%2Ftags&post=103"}],"curies":[{"name":"wp","href":"https:\/\/api.w.org\/{rel}","templated":true}]}}